{"id":7878,"date":"2025-08-12T09:20:30","date_gmt":"2025-08-12T02:20:30","guid":{"rendered":"https:\/\/merrycommercial.vn\/?page_id=7878"},"modified":"2025-09-30T11:55:00","modified_gmt":"2025-09-30T04:55:00","slug":"tin-tuc-su-kien","status":"publish","type":"page","link":"https:\/\/merrycommercial.vn\/?page_id=7878","title":{"rendered":"Tin T\u1ee9c &#038; S\u1ef1 Ki\u1ec7n"},"content":{"rendered":"\t\t<div data-elementor-type=\"wp-page\" data-elementor-id=\"7878\" class=\"elementor elementor-7878\">\n\t\t\t\t\t\t<section class=\"elementor-section elementor-top-section elementor-element elementor-element-cbfbd3a elementor-section-boxed elementor-section-height-default elementor-section-height-default\" data-id=\"cbfbd3a\" data-element_type=\"section\" data-settings=\"{&quot;jet_parallax_layout_list&quot;:[]}\">\n\t\t\t\t\t\t<div class=\"elementor-container elementor-column-gap-default\">\n\t\t\t\t\t<div class=\"elementor-column elementor-col-100 elementor-top-column elementor-element elementor-element-6d9e588\" data-id=\"6d9e588\" data-element_type=\"column\">\n\t\t\t<div class=\"elementor-widget-wrap elementor-element-populated\">\n\t\t\t\t\t\t<div class=\"elementor-element elementor-element-0ff6a92 elementor-widget elementor-widget-jet-blog-smart-listing\" data-id=\"0ff6a92\" data-element_type=\"widget\" data-widget_type=\"jet-blog-smart-listing.default\">\n\t\t\t\t<div class=\"elementor-widget-container\">\n\t\t\t\t\t<div class=\"elementor-jet-blog-smart-listing jet-blog\"><div class=\"jet-smart-listing-wrap\" data-settings='{&quot;block_title&quot;:&quot;TIN T\\u1ee8C &amp; S\\u1ef0 KI\\u1ec6N&quot;,&quot;title_tag&quot;:&quot;h5&quot;,&quot;featured_post&quot;:&quot;&quot;,&quot;featured_position&quot;:null,&quot;featured_width&quot;:null,&quot;featured_layout&quot;:null,&quot;featured_image_size&quot;:null,&quot;featured_image_position&quot;:null,&quot;featured_image_width&quot;:null,&quot;featured_excerpt_length&quot;:null,&quot;featured_excerpt_trimmed_ending&quot;:null,&quot;featured_read_more&quot;:null,&quot;featured_read_more_text&quot;:null,&quot;featured_show_meta&quot;:null,&quot;featured_show_author&quot;:null,&quot;featured_show_author_avatar&quot;:null,&quot;featured_show_author_from&quot;:null,&quot;featured_avatar_custom_field&quot;:null,&quot;featured_avatar_size&quot;:null,&quot;featured_show_author_icon&quot;:null,&quot;selected_featured_show_author_icon&quot;:null,&quot;featured_show_date&quot;:null,&quot;featured_show_date_icon&quot;:null,&quot;selected_featured_show_date_icon&quot;:null,&quot;featured_show_comments&quot;:null,&quot;featured_show_comments_icon&quot;:null,&quot;selected_featured_show_comments_icon&quot;:null,&quot;posts_columns_widescreen&quot;:null,&quot;posts_columns&quot;:&quot;2&quot;,&quot;posts_columns_laptop&quot;:null,&quot;posts_columns_tablet_extra&quot;:null,&quot;posts_columns_tablet&quot;:null,&quot;posts_columns_mobile_extra&quot;:null,&quot;posts_columns_mobile&quot;:&quot;1&quot;,&quot;posts_rows_widescreen&quot;:null,&quot;posts_rows&quot;:&quot;6&quot;,&quot;posts_rows_laptop&quot;:null,&quot;posts_rows_tablet_extra&quot;:null,&quot;posts_rows_tablet&quot;:null,&quot;posts_rows_mobile_extra&quot;:null,&quot;posts_rows_mobile&quot;:null,&quot;image_size&quot;:&quot;thumbnail&quot;,&quot;image_position&quot;:null,&quot;image_width&quot;:{&quot;unit&quot;:&quot;%&quot;,&quot;size&quot;:40,&quot;sizes&quot;:[]},&quot;excerpt_length&quot;:0,&quot;excerpt_trimmed_ending&quot;:&quot;...&quot;,&quot;read_more&quot;:&quot;&quot;,&quot;read_more_text&quot;:null,&quot;show_meta&quot;:&quot;&quot;,&quot;show_author&quot;:null,&quot;show_author_avatar&quot;:null,&quot;get_avatar_from&quot;:null,&quot;avatar_custom_field&quot;:null,&quot;avatar_size&quot;:null,&quot;show_author_icon&quot;:null,&quot;selected_show_author_icon&quot;:null,&quot;show_date&quot;:null,&quot;show_date_icon&quot;:null,&quot;selected_show_date_icon&quot;:null,&quot;show_comments&quot;:null,&quot;show_comments_icon&quot;:null,&quot;selected_show_comments_icon&quot;:null,&quot;query_by&quot;:&quot;all&quot;,&quot;category_ids&quot;:null,&quot;post_tag_ids&quot;:null,&quot;include_ids&quot;:null,&quot;exclude_ids&quot;:&quot;&quot;,&quot;custom_query_by&quot;:&quot;all&quot;,&quot;custom_terms_ids&quot;:null,&quot;meta_query&quot;:&quot;&quot;,&quot;meta_key&quot;:null,&quot;meta_value&quot;:null,&quot;show_filter&quot;:&quot;yes&quot;,&quot;filter_by&quot;:&quot;category&quot;,&quot;show_all_btn&quot;:&quot;yes&quot;,&quot;all_btn_label&quot;:&quot;All&quot;,&quot;more_terms_icon&quot;:null,&quot;selected_more_terms_icon&quot;:null,&quot;show_arrows&quot;:&quot;&quot;,&quot;arrow_type&quot;:null,&quot;show_featured_terms&quot;:null,&quot;show_featured_terms_tax&quot;:null,&quot;show_featured_terms_num&quot;:null,&quot;show_terms&quot;:&quot;&quot;,&quot;show_terms_tax&quot;:null,&quot;show_terms_num&quot;:null,&quot;featured_meta_position&quot;:null,&quot;meta_position&quot;:null,&quot;show_image&quot;:&quot;yes&quot;,&quot;post_type&quot;:[&quot;post&quot;],&quot;post_ids&quot;:null,&quot;content_related_meta&quot;:null,&quot;show_content_related_meta&quot;:&quot;&quot;,&quot;meta_content_related_position&quot;:null,&quot;title_related_meta&quot;:null,&quot;show_title_related_meta&quot;:&quot;&quot;,&quot;meta_title_related_position&quot;:null,&quot;featured_title_length&quot;:null,&quot;title_length&quot;:0,&quot;add_button_icon&quot;:&quot;&quot;,&quot;button_icon&quot;:null,&quot;selected_button_icon&quot;:null,&quot;post_add_button_icon&quot;:&quot;&quot;,&quot;post_button_icon&quot;:null,&quot;selected_post_button_icon&quot;:null,&quot;use_custom_query&quot;:&quot;&quot;,&quot;custom_query&quot;:null,&quot;posts_offset&quot;:0,&quot;order&quot;:&quot;DESC&quot;,&quot;order_by&quot;:&quot;date&quot;,&quot;is_archive_template&quot;:&quot;&quot;,&quot;query_builder_id&quot;:null}' data-page=\"1\" data-term=\"0\" data-scroll-top=>\n\t<div class=\"jet-smart-listing__heading\"><h5 class=\"jet-smart-listing__title\">TIN T\u1ee8C & S\u1ef0 KI\u1ec6N<\/h5><div class=\"jet-smart-listing__filter\" data-more=\"{&quot;icon&quot;:null,&quot;className&quot;:&quot;jet-smart-listing__filter-item jet-smart-listing__filter-more jet-blog-icon&quot;}\" data-rollup=\"\"><div class=\"jet-smart-listing__filter-item\"><a href=\"#\" data-term=\"0\">All<\/a><\/div><div class=\"jet-smart-listing__filter-item\"><a href=\"#\" data-term=\"21\">Khuy\u1ebfn M\u00e3i<\/a><\/div><div class=\"jet-smart-listing__filter-item\"><a href=\"#\" data-term=\"20\">S\u1ef1 Ki\u1ec7n<\/a><\/div><div class=\"jet-smart-listing__filter-item\"><a href=\"#\" data-term=\"19\">Tin T\u1ee9c<\/a><\/div><div class=\"jet-smart-listing__filter-item\"><a href=\"#\" data-term=\"18\">Tin T\u1ee9c &amp; S\u1ef1 Ki\u1ec7n<\/a><\/div><\/div><\/div>\n\t<div class=\"jet-smart-listing rows-6 no-featured\"><div class=\"jet-smart-listing__posts\">\n\t\t\t\t<div class=\"jet-smart-listing__post-wrapper\">\n\t\t\t\t<div class=\"jet-smart-listing__post has-post-thumb\">\n\t\t\t\t\t\t\t\t\t\t<div class=\"jet-smart-listing__post-thumbnail post-thumbnail-simple\"><a href=\"https:\/\/merrycommercial.vn\/?p=8655\"><img decoding=\"async\" width=\"150\" height=\"150\" src=\"https:\/\/merrycommercial.vn\/wp-content\/uploads\/2026\/02\/Thumb-2-150x150.jpg\" class=\"jet-smart-listing__post-thumbnail-img post-thumbnail-img-simple wp-post-image\" alt=\"D\u1ea4U \u1ea4N MERRY COMMERCIAL 2025\" \/><\/a><\/div>\t\t\t\t\t<div class=\"jet-smart-listing__post-content\"><div class=\"jet-smart-listing__post-title post-title-simple\"><a href=\"https:\/\/merrycommercial.vn\/?p=8655\">D\u1ea4U \u1ea4N MERRY COMMERCIAL 2025<\/a><\/div><\/div>\n\t\t\t\t<\/div>\n\t\t\t<\/div>\n\t\t\t\t\t\t<div class=\"jet-smart-listing__post-wrapper\">\n\t\t\t\t<div class=\"jet-smart-listing__post has-post-thumb\">\n\t\t\t\t\t\t\t\t\t\t<div class=\"jet-smart-listing__post-thumbnail post-thumbnail-simple\"><a href=\"https:\/\/merrycommercial.vn\/?p=8602\"><img decoding=\"async\" width=\"150\" height=\"150\" src=\"https:\/\/merrycommercial.vn\/wp-content\/uploads\/2026\/02\/615457163_122151738884650723_4398263260326341884_n-150x150.jpg\" class=\"jet-smart-listing__post-thumbnail-img post-thumbnail-img-simple wp-post-image\" alt=\"Mua s\u1eafm T\u1ebft Nguy\u00ean \u0111\u00e1n B\u00ednh Ng\u1ecd 2026: \u0110a d\u1ea1ng, ti\u1ec7n l\u1ee3i c\u00f9ng Merry Plaza\" srcset=\"https:\/\/merrycommercial.vn\/wp-content\/uploads\/2026\/02\/615457163_122151738884650723_4398263260326341884_n-150x150.jpg 150w, https:\/\/merrycommercial.vn\/wp-content\/uploads\/2026\/02\/615457163_122151738884650723_4398263260326341884_n-300x300.jpg 300w, https:\/\/merrycommercial.vn\/wp-content\/uploads\/2026\/02\/615457163_122151738884650723_4398263260326341884_n-1024x1024.jpg 1024w, https:\/\/merrycommercial.vn\/wp-content\/uploads\/2026\/02\/615457163_122151738884650723_4398263260326341884_n-768x768.jpg 768w, https:\/\/merrycommercial.vn\/wp-content\/uploads\/2026\/02\/615457163_122151738884650723_4398263260326341884_n-700x700.jpg 700w, https:\/\/merrycommercial.vn\/wp-content\/uploads\/2026\/02\/615457163_122151738884650723_4398263260326341884_n.jpg 1200w\" sizes=\"(max-width: 150px) 100vw, 150px\" \/><\/a><\/div>\t\t\t\t\t<div class=\"jet-smart-listing__post-content\"><div class=\"jet-smart-listing__post-title post-title-simple\"><a href=\"https:\/\/merrycommercial.vn\/?p=8602\">Mua s\u1eafm T\u1ebft Nguy\u00ean \u0111\u00e1n B\u00ednh Ng\u1ecd 2026: \u0110a d\u1ea1ng, ti\u1ec7n l\u1ee3i c\u00f9ng Merry Plaza<\/a><\/div><\/div>\n\t\t\t\t<\/div>\n\t\t\t<\/div>\n\t\t\t\t\t\t<div class=\"jet-smart-listing__post-wrapper\">\n\t\t\t\t<div class=\"jet-smart-listing__post has-post-thumb\">\n\t\t\t\t\t\t\t\t\t\t<div class=\"jet-smart-listing__post-thumbnail post-thumbnail-simple\"><a href=\"https:\/\/merrycommercial.vn\/?p=8588\"><img decoding=\"async\" width=\"150\" height=\"150\" src=\"https:\/\/merrycommercial.vn\/wp-content\/uploads\/2026\/02\/hinh-merry-mia-150x150.jpg\" class=\"jet-smart-listing__post-thumbnail-img post-thumbnail-img-simple wp-post-image\" alt=\"Merry Plaza t\u0103ng t\u1ed1c chi\u1ebfm l\u0129nh xu h\u01b0\u1edbng kh\u1ed1i \u0111\u1ebf th\u01b0\u01a1ng m\u1ea1i t\u00f2a nh\u00e0 chung c\u01b0\" \/><\/a><\/div>\t\t\t\t\t<div class=\"jet-smart-listing__post-content\"><div class=\"jet-smart-listing__post-title post-title-simple\"><a href=\"https:\/\/merrycommercial.vn\/?p=8588\">Merry Plaza t\u0103ng t\u1ed1c chi\u1ebfm l\u0129nh xu h\u01b0\u1edbng kh\u1ed1i \u0111\u1ebf th\u01b0\u01a1ng m\u1ea1i t\u00f2a nh\u00e0 chung c\u01b0<\/a><\/div><\/div>\n\t\t\t\t<\/div>\n\t\t\t<\/div>\n\t\t\t\t\t\t<div class=\"jet-smart-listing__post-wrapper\">\n\t\t\t\t<div class=\"jet-smart-listing__post has-post-thumb\">\n\t\t\t\t\t\t\t\t\t\t<div class=\"jet-smart-listing__post-thumbnail post-thumbnail-simple\"><a href=\"https:\/\/merrycommercial.vn\/?p=8569\"><img loading=\"lazy\" decoding=\"async\" width=\"150\" height=\"150\" src=\"https:\/\/merrycommercial.vn\/wp-content\/uploads\/2026\/02\/bung-no-niem-vui-trong-4-ngay-khai-truong-merry-plaza-richmond-150x150.jpg\" class=\"jet-smart-listing__post-thumbnail-img post-thumbnail-img-simple wp-post-image\" alt=\"B\u00f9ng n\u1ed5 ni\u1ec1m vui trong 4 ng\u00e0y khai tr\u01b0\u01a1ng Merry Plaza Richmond\" \/><\/a><\/div>\t\t\t\t\t<div class=\"jet-smart-listing__post-content\"><div class=\"jet-smart-listing__post-title post-title-simple\"><a href=\"https:\/\/merrycommercial.vn\/?p=8569\">B\u00f9ng n\u1ed5 ni\u1ec1m vui trong 4 ng\u00e0y khai tr\u01b0\u01a1ng Merry Plaza Richmond<\/a><\/div><\/div>\n\t\t\t\t<\/div>\n\t\t\t<\/div>\n\t\t\t\t\t\t<div class=\"jet-smart-listing__post-wrapper\">\n\t\t\t\t<div class=\"jet-smart-listing__post has-post-thumb\">\n\t\t\t\t\t\t\t\t\t\t<div class=\"jet-smart-listing__post-thumbnail post-thumbnail-simple\"><a href=\"https:\/\/merrycommercial.vn\/?p=8561\"><img loading=\"lazy\" decoding=\"async\" width=\"150\" height=\"150\" src=\"https:\/\/merrycommercial.vn\/wp-content\/uploads\/2026\/01\/khai-truong-merry-plaza-richmond-city-buoc-di-moi-tang-do-phu-cua-merrycom-150x150.jpg\" class=\"jet-smart-listing__post-thumbnail-img post-thumbnail-img-simple wp-post-image\" alt=\"Khai tr\u01b0\u01a1ng Merry Plaza Richmond City: B\u01b0\u1edbc \u0111i m\u1edbi t\u0103ng \u0111\u1ed9 ph\u1ee7 c\u1ee7a MerryCom\" \/><\/a><\/div>\t\t\t\t\t<div class=\"jet-smart-listing__post-content\"><div class=\"jet-smart-listing__post-title post-title-simple\"><a href=\"https:\/\/merrycommercial.vn\/?p=8561\">Khai tr\u01b0\u01a1ng Merry Plaza Richmond City: B\u01b0\u1edbc \u0111i m\u1edbi t\u0103ng \u0111\u1ed9 ph\u1ee7 c\u1ee7a MerryCom<\/a><\/div><\/div>\n\t\t\t\t<\/div>\n\t\t\t<\/div>\n\t\t\t\t\t\t<div class=\"jet-smart-listing__post-wrapper\">\n\t\t\t\t<div class=\"jet-smart-listing__post has-post-thumb\">\n\t\t\t\t\t\t\t\t\t\t<div class=\"jet-smart-listing__post-thumbnail post-thumbnail-simple\"><a href=\"https:\/\/merrycommercial.vn\/?p=8540\"><img loading=\"lazy\" decoding=\"async\" width=\"150\" height=\"150\" src=\"https:\/\/merrycommercial.vn\/wp-content\/uploads\/2026\/01\/tien-ich-0-phut-di-chuyen-luc-hap-dan-tu-san-thuong-mai-merry-plaza-150x150.jpg\" class=\"jet-smart-listing__post-thumbnail-img post-thumbnail-img-simple wp-post-image\" alt=\"\u201cTi\u1ec7n \u00edch 0 ph\u00fat di chuy\u1ec3n\u201d \u2013 l\u1ef1c h\u1ea5p d\u1eabn t\u1eeb s\u00e0n th\u01b0\u01a1ng m\u1ea1i Merry Plaza\" \/><\/a><\/div>\t\t\t\t\t<div class=\"jet-smart-listing__post-content\"><div class=\"jet-smart-listing__post-title post-title-simple\"><a href=\"https:\/\/merrycommercial.vn\/?p=8540\">\u201cTi\u1ec7n \u00edch 0 ph\u00fat di chuy\u1ec3n\u201d \u2013 l\u1ef1c h\u1ea5p d\u1eabn t\u1eeb s\u00e0n th\u01b0\u01a1ng m\u1ea1i Merry Plaza<\/a><\/div><\/div>\n\t\t\t\t<\/div>\n\t\t\t<\/div>\n\t\t\t\t\t\t<div class=\"jet-smart-listing__post-wrapper\">\n\t\t\t\t<div class=\"jet-smart-listing__post has-post-thumb\">\n\t\t\t\t\t\t\t\t\t\t<div class=\"jet-smart-listing__post-thumbnail post-thumbnail-simple\"><a href=\"https:\/\/merrycommercial.vn\/?p=8519\"><img loading=\"lazy\" decoding=\"async\" width=\"150\" height=\"150\" src=\"https:\/\/merrycommercial.vn\/wp-content\/uploads\/2026\/01\/trien-lam-toan-dan-tien-tu-nghe-thuat-den-doi-song-150x150.jpeg\" class=\"jet-smart-listing__post-thumbnail-img post-thumbnail-img-simple wp-post-image\" alt=\"Tri\u1ec3n l\u00e3m &#8220;To\u00e0n D\u00e2n Ti\u1ebfn\u201d: T\u1eeb ngh\u1ec7 thu\u1eadt \u0111\u1ebfn \u0111\u1eddi s\u1ed1ng\" \/><\/a><\/div>\t\t\t\t\t<div class=\"jet-smart-listing__post-content\"><div class=\"jet-smart-listing__post-title post-title-simple\"><a href=\"https:\/\/merrycommercial.vn\/?p=8519\">Tri\u1ec3n l\u00e3m &#8220;To\u00e0n D\u00e2n Ti\u1ebfn\u201d: T\u1eeb ngh\u1ec7 thu\u1eadt \u0111\u1ebfn \u0111\u1eddi s\u1ed1ng<\/a><\/div><\/div>\n\t\t\t\t<\/div>\n\t\t\t<\/div>\n\t\t\t\t\t\t<div class=\"jet-smart-listing__post-wrapper\">\n\t\t\t\t<div class=\"jet-smart-listing__post has-post-thumb\">\n\t\t\t\t\t\t\t\t\t\t<div class=\"jet-smart-listing__post-thumbnail post-thumbnail-simple\"><a href=\"https:\/\/merrycommercial.vn\/?p=8472\"><img loading=\"lazy\" decoding=\"async\" width=\"150\" height=\"150\" src=\"https:\/\/merrycommercial.vn\/wp-content\/uploads\/2025\/11\/23a99a83-2b3e-4447-9056-2c6f5cb94082-150x150.jpg\" class=\"jet-smart-listing__post-thumbnail-img post-thumbnail-img-simple wp-post-image\" alt=\"MerryCom v\u00e0 BSA kh\u1edfi \u0111\u1ed9ng h\u00e0nh tr\u00ecnh Xanh t\u1ea1i TTTM Merry Plaza\" \/><\/a><\/div>\t\t\t\t\t<div class=\"jet-smart-listing__post-content\"><div class=\"jet-smart-listing__post-title post-title-simple\"><a href=\"https:\/\/merrycommercial.vn\/?p=8472\">MerryCom v\u00e0 BSA kh\u1edfi \u0111\u1ed9ng h\u00e0nh tr\u00ecnh Xanh t\u1ea1i TTTM Merry Plaza<\/a><\/div><\/div>\n\t\t\t\t<\/div>\n\t\t\t<\/div>\n\t\t\t\t\t\t<div class=\"jet-smart-listing__post-wrapper\">\n\t\t\t\t<div class=\"jet-smart-listing__post has-post-thumb\">\n\t\t\t\t\t\t\t\t\t\t<div class=\"jet-smart-listing__post-thumbnail post-thumbnail-simple\"><a href=\"https:\/\/merrycommercial.vn\/?p=8456\"><img loading=\"lazy\" decoding=\"async\" width=\"150\" height=\"150\" src=\"https:\/\/merrycommercial.vn\/wp-content\/uploads\/2025\/10\/z7120111150259_1532152548f187e2f926ee58a8136ccc-e1760601883621-150x150.jpg\" class=\"jet-smart-listing__post-thumbnail-img post-thumbnail-img-simple wp-post-image\" alt=\"C\u00f9ng Merry Plaza T\u00f4n Vinh Ph\u00e1i \u0110\u1eb9p &#8211; Lan T\u1ecfa Gi\u00e1 Tr\u1ecb Xanh\" \/><\/a><\/div>\t\t\t\t\t<div class=\"jet-smart-listing__post-content\"><div class=\"jet-smart-listing__post-title post-title-simple\"><a href=\"https:\/\/merrycommercial.vn\/?p=8456\">C\u00f9ng Merry Plaza T\u00f4n Vinh Ph\u00e1i \u0110\u1eb9p &#8211; Lan T\u1ecfa Gi\u00e1 Tr\u1ecb Xanh<\/a><\/div><\/div>\n\t\t\t\t<\/div>\n\t\t\t<\/div>\n\t\t\t\t\t\t<div class=\"jet-smart-listing__post-wrapper\">\n\t\t\t\t<div class=\"jet-smart-listing__post has-post-thumb\">\n\t\t\t\t\t\t\t\t\t\t<div class=\"jet-smart-listing__post-thumbnail post-thumbnail-simple\"><a href=\"https:\/\/merrycommercial.vn\/?p=7396\"><img loading=\"lazy\" decoding=\"async\" width=\"150\" height=\"150\" src=\"https:\/\/merrycommercial.vn\/wp-content\/uploads\/2025\/07\/sushiway-150x150.jpg\" class=\"jet-smart-listing__post-thumbnail-img post-thumbnail-img-simple wp-post-image\" alt=\"TUY\u1ec6T \u0110\u1ed0I &#8220;CHILL&#8221;, SUSHIWAY GI\u1ea2M 20% T\u1ed4NG BILL\" srcset=\"https:\/\/merrycommercial.vn\/wp-content\/uploads\/2025\/07\/sushiway-150x150.jpg 150w, https:\/\/merrycommercial.vn\/wp-content\/uploads\/2025\/07\/sushiway-300x300.jpg 300w, https:\/\/merrycommercial.vn\/wp-content\/uploads\/2025\/07\/sushiway-1024x1024.jpg 1024w, https:\/\/merrycommercial.vn\/wp-content\/uploads\/2025\/07\/sushiway-768x768.jpg 768w, https:\/\/merrycommercial.vn\/wp-content\/uploads\/2025\/07\/sushiway-1536x1536.jpg 1536w, https:\/\/merrycommercial.vn\/wp-content\/uploads\/2025\/07\/sushiway-700x700.jpg 700w, https:\/\/merrycommercial.vn\/wp-content\/uploads\/2025\/07\/sushiway-24x24.jpg 24w, https:\/\/merrycommercial.vn\/wp-content\/uploads\/2025\/07\/sushiway-36x36.jpg 36w, https:\/\/merrycommercial.vn\/wp-content\/uploads\/2025\/07\/sushiway-48x48.jpg 48w, https:\/\/merrycommercial.vn\/wp-content\/uploads\/2025\/07\/sushiway.jpg 2000w\" sizes=\"(max-width: 150px) 100vw, 150px\" \/><\/a><\/div>\t\t\t\t\t<div class=\"jet-smart-listing__post-content\"><div class=\"jet-smart-listing__post-title post-title-simple\"><a href=\"https:\/\/merrycommercial.vn\/?p=7396\">TUY\u1ec6T \u0110\u1ed0I &#8220;CHILL&#8221;, SUSHIWAY GI\u1ea2M 20% T\u1ed4NG BILL<\/a><\/div><\/div>\n\t\t\t\t<\/div>\n\t\t\t<\/div>\n\t\t\t\t\t\t<div class=\"jet-smart-listing__post-wrapper\">\n\t\t\t\t<div class=\"jet-smart-listing__post has-post-thumb\">\n\t\t\t\t\t\t\t\t\t\t<div class=\"jet-smart-listing__post-thumbnail post-thumbnail-simple\"><a href=\"https:\/\/merrycommercial.vn\/?p=7393\"><img loading=\"lazy\" decoding=\"async\" width=\"150\" height=\"150\" src=\"https:\/\/merrycommercial.vn\/wp-content\/uploads\/2025\/07\/pizza-hut-minigame-150x150.jpg\" class=\"jet-smart-listing__post-thumbnail-img post-thumbnail-img-simple wp-post-image\" alt=\"[MINIGAME] \u0110O\u00c1N V\u1eca M\u1edaI &#8211; NH\u1eacN QU\u00c0 HAY!\" srcset=\"https:\/\/merrycommercial.vn\/wp-content\/uploads\/2025\/07\/pizza-hut-minigame-150x150.jpg 150w, https:\/\/merrycommercial.vn\/wp-content\/uploads\/2025\/07\/pizza-hut-minigame-300x300.jpg 300w, https:\/\/merrycommercial.vn\/wp-content\/uploads\/2025\/07\/pizza-hut-minigame-1024x1024.jpg 1024w, https:\/\/merrycommercial.vn\/wp-content\/uploads\/2025\/07\/pizza-hut-minigame-768x768.jpg 768w, https:\/\/merrycommercial.vn\/wp-content\/uploads\/2025\/07\/pizza-hut-minigame-1536x1536.jpg 1536w, https:\/\/merrycommercial.vn\/wp-content\/uploads\/2025\/07\/pizza-hut-minigame-700x700.jpg 700w, https:\/\/merrycommercial.vn\/wp-content\/uploads\/2025\/07\/pizza-hut-minigame-24x24.jpg 24w, https:\/\/merrycommercial.vn\/wp-content\/uploads\/2025\/07\/pizza-hut-minigame-36x36.jpg 36w, https:\/\/merrycommercial.vn\/wp-content\/uploads\/2025\/07\/pizza-hut-minigame-48x48.jpg 48w, https:\/\/merrycommercial.vn\/wp-content\/uploads\/2025\/07\/pizza-hut-minigame.jpg 2048w\" sizes=\"(max-width: 150px) 100vw, 150px\" \/><\/a><\/div>\t\t\t\t\t<div class=\"jet-smart-listing__post-content\"><div class=\"jet-smart-listing__post-title post-title-simple\"><a href=\"https:\/\/merrycommercial.vn\/?p=7393\">[MINIGAME] \u0110O\u00c1N V\u1eca M\u1edaI &#8211; NH\u1eacN QU\u00c0 HAY!<\/a><\/div><\/div>\n\t\t\t\t<\/div>\n\t\t\t<\/div>\n\t\t\t\t\t\t<div class=\"jet-smart-listing__post-wrapper\">\n\t\t\t\t<div class=\"jet-smart-listing__post has-post-thumb\">\n\t\t\t\t\t\t\t\t\t\t<div class=\"jet-smart-listing__post-thumbnail post-thumbnail-simple\"><a href=\"https:\/\/merrycommercial.vn\/?p=7390\"><img loading=\"lazy\" decoding=\"async\" width=\"150\" height=\"150\" src=\"https:\/\/merrycommercial.vn\/wp-content\/uploads\/2025\/07\/512662772_1055147890048641_4470014907184936306_n-150x150.jpg\" class=\"jet-smart-listing__post-thumbnail-img post-thumbnail-img-simple wp-post-image\" alt=\"S\u0102N DEAL X\u1ecaN, RINH QU\u00c0 XINH \u2013 CH\u1ea6N CH\u1edc G\u00cc M\u00c0 KH\u00d4NG T\u1edaI TOPS MARKET\" srcset=\"https:\/\/merrycommercial.vn\/wp-content\/uploads\/2025\/07\/512662772_1055147890048641_4470014907184936306_n-150x150.jpg 150w, https:\/\/merrycommercial.vn\/wp-content\/uploads\/2025\/07\/512662772_1055147890048641_4470014907184936306_n-24x24.jpg 24w\" sizes=\"(max-width: 150px) 100vw, 150px\" \/><\/a><\/div>\t\t\t\t\t<div class=\"jet-smart-listing__post-content\"><div class=\"jet-smart-listing__post-title post-title-simple\"><a href=\"https:\/\/merrycommercial.vn\/?p=7390\">S\u0102N DEAL X\u1ecaN, RINH QU\u00c0 XINH \u2013 CH\u1ea6N CH\u1edc G\u00cc M\u00c0 KH\u00d4NG T\u1edaI TOPS MARKET<\/a><\/div><\/div>\n\t\t\t\t<\/div>\n\t\t\t<\/div>\n\t\t\t<\/div>\n<\/div>\n\t<\/div>\n<div class=\"jet-smart-listing-loading\"><\/div><\/div>\t\t\t\t<\/div>\n\t\t\t\t<\/div>\n\t\t\t\t\t<\/div>\n\t\t<\/div>\n\t\t\t\t\t<\/div>\n\t\t<\/section>\n\t\t\t\t<\/div>\n\t\t","protected":false},"excerpt":{"rendered":"<p>TIN T\u1ee8C &#038; S\u1ef0 KI\u1ec6N AllKhuy\u1ebfn M\u00e3iS\u1ef1 Ki\u1ec7nTin T\u1ee9cTin T\u1ee9c &amp; S\u1ef1 Ki\u1ec7n TUY\u1ec6T \u0110\u1ed0I &#8220;CHILL&#8221;, SUSHIWAY GI\u1ea2M 20% T\u1ed4NG BILL [MINIGAME] \u0110O\u00c1N V\u1eca M\u1edaI &#8211; NH\u1eacN QU\u00c0 HAY! S\u0102N DEAL X\u1ecaN, RINH QU\u00c0 XINH \u2013 CH\u1ea6N CH\u1edc G\u00cc M\u00c0 KH\u00d4NG T\u1edaI TOPS MARKET AMAZING DAY: 65K\/V\u00c9 TH\u1ee8 3 H\u00c0NG TU\u1ea6N T\u1ea0I LOTTE CINEMA \u0102n &hellip; <\/p>\n<p class=\"link-more\"><a href=\"https:\/\/merrycommercial.vn\/?p=7390\" class=\"more-link\">Read More <span class=\"screen-reader-text\"> &#8220;S\u0102N DEAL X\u1ecaN, RINH QU\u00c0 XINH \u2013 CH\u1ea6N CH\u1edc G\u00cc M\u00c0 KH\u00d4NG T\u1edaI TOPS MARKET&#8221;<\/span><\/a><\/p>\n","protected":false},"author":2,"featured_media":0,"parent":0,"menu_order":0,"comment_status":"closed","ping_status":"closed","template":"","meta":{"footnotes":""},"class_list":["post-7878","page","type-page","status-publish","hentry"],"_links":{"self":[{"href":"https:\/\/merrycommercial.vn\/index.php?rest_route=\/wp\/v2\/pages\/7878","targetHints":{"allow":["GET"]}}],"collection":[{"href":"https:\/\/merrycommercial.vn\/index.php?rest_route=\/wp\/v2\/pages"}],"about":[{"href":"https:\/\/merrycommercial.vn\/index.php?rest_route=\/wp\/v2\/types\/page"}],"author":[{"embeddable":true,"href":"https:\/\/merrycommercial.vn\/index.php?rest_route=\/wp\/v2\/users\/2"}],"replies":[{"embeddable":true,"href":"https:\/\/merrycommercial.vn\/index.php?rest_route=%2Fwp%2Fv2%2Fcomments&post=7878"}],"version-history":[{"count":26,"href":"https:\/\/merrycommercial.vn\/index.php?rest_route=\/wp\/v2\/pages\/7878\/revisions"}],"predecessor-version":[{"id":8341,"href":"https:\/\/merrycommercial.vn\/index.php?rest_route=\/wp\/v2\/pages\/7878\/revisions\/8341"}],"wp:attachment":[{"href":"https:\/\/merrycommercial.vn\/index.php?rest_route=%2Fwp%2Fv2%2Fmedia&parent=7878"}],"curies":[{"name":"wp","href":"https:\/\/api.w.org\/{rel}","templated":true}]}}