{"id":8164,"date":"2025-09-06T20:06:16","date_gmt":"2025-09-06T13:06:16","guid":{"rendered":"https:\/\/merrycommercial.vn\/?page_id=8164"},"modified":"2025-12-11T14:16:14","modified_gmt":"2025-12-11T07:16:14","slug":"he-thong-tttm","status":"publish","type":"page","link":"https:\/\/merrycommercial.vn\/?page_id=8164","title":{"rendered":"H\u1ec6 TH\u1ed0NG TTTM"},"content":{"rendered":"\t\t<div data-elementor-type=\"wp-page\" data-elementor-id=\"8164\" class=\"elementor elementor-8164\">\n\t\t\t\t<div class=\"elementor-element elementor-element-566b4d0 e-flex e-con-boxed e-con e-parent\" data-id=\"566b4d0\" data-element_type=\"container\" data-settings=\"{&quot;jet_parallax_layout_list&quot;:[]}\">\n\t\t\t\t\t<div class=\"e-con-inner\">\n\t\t\t\t<div class=\"elementor-element elementor-element-dd712f9 elementor-widget elementor-widget-image\" data-id=\"dd712f9\" data-element_type=\"widget\" data-widget_type=\"image.default\">\n\t\t\t\t<div class=\"elementor-widget-container\">\n\t\t\t\t\t\t\t\t\t\t\t\t\t\t\t<img fetchpriority=\"high\" decoding=\"async\" width=\"1600\" height=\"600\" src=\"https:\/\/merrycommercial.vn\/wp-content\/uploads\/2025\/09\/page-title.jpg\" class=\"attachment-full size-full wp-image-8170\" alt=\"\" srcset=\"https:\/\/merrycommercial.vn\/wp-content\/uploads\/2025\/09\/page-title.jpg 1600w, https:\/\/merrycommercial.vn\/wp-content\/uploads\/2025\/09\/page-title-300x113.jpg 300w, https:\/\/merrycommercial.vn\/wp-content\/uploads\/2025\/09\/page-title-1024x384.jpg 1024w, https:\/\/merrycommercial.vn\/wp-content\/uploads\/2025\/09\/page-title-768x288.jpg 768w, https:\/\/merrycommercial.vn\/wp-content\/uploads\/2025\/09\/page-title-1536x576.jpg 1536w, https:\/\/merrycommercial.vn\/wp-content\/uploads\/2025\/09\/page-title-700x263.jpg 700w\" sizes=\"(max-width: 1600px) 100vw, 1600px\" \/>\t\t\t\t\t\t\t\t\t\t\t\t\t\t\t<\/div>\n\t\t\t\t<\/div>\n\t\t\t\t\t<\/div>\n\t\t\t\t<\/div>\n\t\t<div class=\"elementor-element elementor-element-8c5c890 e-flex e-con-boxed e-con e-parent\" data-id=\"8c5c890\" data-element_type=\"container\" data-settings=\"{&quot;jet_parallax_layout_list&quot;:[]}\">\n\t\t\t\t\t<div class=\"e-con-inner\">\n\t\t\t\t<div class=\"elementor-element elementor-element-010314a elementor-widget elementor-widget-text-editor\" data-id=\"010314a\" data-element_type=\"widget\" data-widget_type=\"text-editor.default\">\n\t\t\t\t<div class=\"elementor-widget-container\">\n\t\t\t\t\t        <div class=\"elementor-text-editor elementor-clearfix\"><p>Merry Plaza \u0111\u01b0\u1ee3c h\u00ecnh th\u00e0nh t\u1eeb kh\u00e1t v\u1ecdng t\u1ea1o ra nh\u1eefng kh\u00f4ng gian th\u01b0\u01a1ng m\u1ea1i tr\u00e0n \u0111\u1ea7y ni\u1ec1m vui v\u00e0 s\u1ee9c s\u1ed1ng. V\u1edbi ch\u00fang t\u00f4i, m\u1ed7i m\u1eb7t b\u1eb1ng kh\u00f4ng ch\u1ec9 d\u00e0nh ri\u00eang cho kinh doanh, m\u00e0 c\u00f2n l\u00e0 n\u01a1i \u0111\u1ec3 lan t\u1ecfa ni\u1ec1m h\u00e2n hoan, k\u1ebft n\u1ed1i c\u1ed9ng \u0111\u1ed3ng, v\u00e0 c\u00f9ng nhau ph\u00e1t tri\u1ec3n b\u1ec1n v\u1eefng.<\/p><p>Ch\u00fang t\u00f4i h\u01b0\u1edbng \u0111\u1ebfn s\u1ef1 c\u00e2n b\u1eb1ng gi\u1eefa l\u1ee3i \u00edch th\u01b0\u01a1ng m\u1ea1i v\u00e0 gi\u00e1 tr\u1ecb c\u1ed9ng \u0111\u1ed3ng, tin t\u01b0\u1edfng r\u1eb1ng ch\u00ednh s\u1ef1 h\u1ea1nh ph\u00fac l\u00e0 n\u1ec1n t\u1ea3ng quan tr\u1ecdng nh\u1ea5t \u0111\u1ec3 m\u1ecdi th\u00e0nh c\u00f4ng tr\u1edf n\u00ean l\u00e2u d\u00e0i v\u00e0 \u00fd ngh\u0129a.<\/p><\/div>\n        \t\t\t\t<\/div>\n\t\t\t\t<\/div>\n\t\t\t\t\t<\/div>\n\t\t\t\t<\/div>\n\t\t<div class=\"elementor-element elementor-element-80bccaf e-flex e-con-boxed e-con e-parent\" data-id=\"80bccaf\" data-element_type=\"container\" data-settings=\"{&quot;jet_parallax_layout_list&quot;:[]}\">\n\t\t\t\t\t<div class=\"e-con-inner\">\n\t\t\t\t<div class=\"elementor-element elementor-element-ce6ff51 elementor-widget elementor-widget-heading\" data-id=\"ce6ff51\" data-element_type=\"widget\" data-widget_type=\"heading.default\">\n\t\t\t\t<div class=\"elementor-widget-container\">\n\t\t\t\t\t<div class=\"elementor-heading-wrapper\" ><div class=\"elementor-heading-wrapper-inner\"><h5 class=\"elementor-heading-title elementor-size-default\">H\u00e0nh tr\u00ecnh ph\u00e1t tri\u1ec3n<\/h5><\/div><\/div>\t\t\t\t<\/div>\n\t\t\t\t<\/div>\n\t\t\t\t\t<\/div>\n\t\t\t\t<\/div>\n\t\t<div class=\"elementor-element elementor-element-dd0ea5a e-flex e-con-boxed e-con e-parent\" data-id=\"dd0ea5a\" data-element_type=\"container\" data-settings=\"{&quot;jet_parallax_layout_list&quot;:[]}\">\n\t\t\t\t\t<div class=\"e-con-inner\">\n\t\t\t\t<div class=\"elementor-element elementor-element-5a5b8a9 elementor-widget elementor-widget-text-editor\" data-id=\"5a5b8a9\" data-element_type=\"widget\" data-widget_type=\"text-editor.default\">\n\t\t\t\t<div class=\"elementor-widget-container\">\n\t\t\t\t\t        <div class=\"elementor-text-editor elementor-clearfix\"><p>T\u1eeb n\u0103m 2015 \u0111\u1ebfn \u0111\u1ea7u n\u0103m 2020, th\u1ecb tr\u01b0\u1eddng b\u1ea5t \u0111\u1ed9ng s\u1ea3n Vi\u1ec7t Nam ch\u1ee9ng ki\u1ebfn s\u1ef1 chuy\u1ec3n m\u00ecnh m\u1ea1nh m\u1ebd. C\u00e1c khu d\u00e2n c\u01b0 v\u00e0 chung c\u01b0 cao c\u1ea5p ng\u00e0y c\u00e0ng ph\u00e1t tri\u1ec3n, t\u1ea1o ra nhu c\u1ea7u l\u1edbn \u0111\u1ed1i v\u1edbi c\u00e1c ti\u1ec7n \u00edch th\u01b0\u01a1ng m\u1ea1i t\u00edch h\u1ee3p ngay t\u1ea1i n\u01a1i c\u01b0 tr\u00fa. N\u1eafm b\u1eaft xu h\u01b0\u1edbng \u0111\u00f3, Merry Plaza \u0111\u01b0\u1ee3c th\u00e0nh l\u1eadp v\u00e0o n\u0103m 2020 \u0111\u1ec3 qu\u1ea3n l\u00fd v\u00e0 khai th\u00e1c hi\u1ec7u qu\u1ea3 kh\u00f4ng gian th\u01b0\u01a1ng m\u1ea1i t\u1ea7ng \u0111\u1ebf trong c\u00e1c d\u1ef1 \u00e1n c\u0103n h\u1ed9, h\u01b0\u1edbng t\u1edbi x\u00e2y d\u1ef1ng m\u1ed9t m\u00f4i tr\u01b0\u1eddng s\u1ed1ng ti\u1ec7n nghi, hi\u1ec7n \u0111\u1ea1i v\u00e0 g\u1eafn k\u1ebft c\u1ed9ng \u0111\u1ed3ng.<\/p><\/div>\n        \t\t\t\t<\/div>\n\t\t\t\t<\/div>\n\t\t\t\t\t<\/div>\n\t\t\t\t<\/div>\n\t\t<div class=\"elementor-element elementor-element-d75bb24 e-flex e-con-boxed e-con e-parent\" data-id=\"d75bb24\" data-element_type=\"container\" data-settings=\"{&quot;jet_parallax_layout_list&quot;:[]}\">\n\t\t\t\t\t<div class=\"e-con-inner\">\n\t\t\t\t<div class=\"elementor-element elementor-element-aa231ca elementor-widget elementor-widget-heading\" data-id=\"aa231ca\" data-element_type=\"widget\" data-widget_type=\"heading.default\">\n\t\t\t\t<div class=\"elementor-widget-container\">\n\t\t\t\t\t<div class=\"elementor-heading-wrapper\" ><div class=\"elementor-heading-wrapper-inner\"><h5 class=\"elementor-heading-title elementor-size-default\">T\u1ea7m nh\u00ecn<\/h5><\/div><\/div>\t\t\t\t<\/div>\n\t\t\t\t<\/div>\n\t\t\t\t\t<\/div>\n\t\t\t\t<\/div>\n\t\t<div class=\"elementor-element elementor-element-3d98128 e-flex e-con-boxed e-con e-parent\" data-id=\"3d98128\" data-element_type=\"container\" data-settings=\"{&quot;jet_parallax_layout_list&quot;:[]}\">\n\t\t\t\t\t<div class=\"e-con-inner\">\n\t\t<div class=\"elementor-element elementor-element-24fc3a7 e-con-full e-flex e-con e-child\" data-id=\"24fc3a7\" data-element_type=\"container\" data-settings=\"{&quot;jet_parallax_layout_list&quot;:[]}\">\n\t\t\t\t<div class=\"elementor-element elementor-element-fc144d5 elementor-widget elementor-widget-text-editor\" data-id=\"fc144d5\" data-element_type=\"widget\" data-widget_type=\"text-editor.default\">\n\t\t\t\t<div class=\"elementor-widget-container\">\n\t\t\t\t\t        <div class=\"elementor-text-editor elementor-clearfix\"><p>Tr\u1edf th\u00e0nh th\u01b0\u01a1ng hi\u1ec7u h\u00e0ng \u0111\u1ea7u trong l\u0129nh v\u1ef1c qu\u1ea3n l\u00fd, v\u1eadn h\u00e0nh v\u00e0 ph\u00e1t tri\u1ec3n c\u00e1c kh\u00f4ng gian th\u01b0\u01a1ng m\u1ea1i t\u1ea7ng \u0111\u1ebf t\u1ea1i Vi\u1ec7t Nam, t\u1ea1o d\u1ef1ng nh\u1eefng c\u1ed9ng \u0111\u1ed3ng n\u0103ng \u0111\u1ed9ng, hi\u1ec7n \u0111\u1ea1i v\u00e0 h\u1ea1nh ph\u00fac.<\/p><\/div>\n        \t\t\t\t<\/div>\n\t\t\t\t<\/div>\n\t\t\t\t<\/div>\n\t\t\t\t\t<\/div>\n\t\t\t\t<\/div>\n\t\t<div class=\"elementor-element elementor-element-8488b83 e-flex e-con-boxed e-con e-parent\" data-id=\"8488b83\" data-element_type=\"container\" data-settings=\"{&quot;jet_parallax_layout_list&quot;:[]}\">\n\t\t\t\t\t<div class=\"e-con-inner\">\n\t\t\t\t<div class=\"elementor-element elementor-element-6d24369 elementor-widget elementor-widget-heading\" data-id=\"6d24369\" data-element_type=\"widget\" data-widget_type=\"heading.default\">\n\t\t\t\t<div class=\"elementor-widget-container\">\n\t\t\t\t\t<div class=\"elementor-heading-wrapper\" ><div class=\"elementor-heading-wrapper-inner\"><h5 class=\"elementor-heading-title elementor-size-default\">S\u1ee9 m\u1ec7nh<\/h5><\/div><\/div>\t\t\t\t<\/div>\n\t\t\t\t<\/div>\n\t\t\t\t\t<\/div>\n\t\t\t\t<\/div>\n\t\t<div class=\"elementor-element elementor-element-ffdbf16 e-flex e-con-boxed e-con e-parent\" data-id=\"ffdbf16\" data-element_type=\"container\" data-settings=\"{&quot;jet_parallax_layout_list&quot;:[]}\">\n\t\t\t\t\t<div class=\"e-con-inner\">\n\t\t\t\t<div class=\"elementor-element elementor-element-a7404c6 elementor-widget elementor-widget-text-editor\" data-id=\"a7404c6\" data-element_type=\"widget\" data-widget_type=\"text-editor.default\">\n\t\t\t\t<div class=\"elementor-widget-container\">\n\t\t\t\t\t        <div class=\"elementor-text-editor elementor-clearfix\"><p>Mang \u0111\u1ebfn gi\u1ea3i ph\u00e1p khai th\u00e1c th\u01b0\u01a1ng m\u1ea1i hi\u1ec7u qu\u1ea3, t\u1ed1i \u01b0u h\u00f3a gi\u00e1 tr\u1ecb cho nh\u00e0 \u0111\u1ea7u t\u01b0, kh\u00e1ch thu\u00ea v\u00e0 c\u01b0 d\u00e2n.<\/p><p>Ki\u1ebfn t\u1ea1o v\u00e0 duy tr\u00ec c\u00e1c c\u1ed9ng \u0111\u1ed3ng th\u01b0\u01a1ng m\u1ea1i h\u1ea1nh ph\u00fac, g\u00f3p ph\u1ea7n n\u00e2ng cao ch\u1ea5t l\u01b0\u1ee3ng cu\u1ed9c s\u1ed1ng cho c\u01b0 d\u00e2n, kh\u00e1ch h\u00e0ng v\u00e0 \u0111\u1ed1i t\u00e1c.<\/p><p>Th\u00fac \u0111\u1ea9y s\u1ef1 h\u1ee3p t\u00e1c chi\u1ebfn l\u01b0\u1ee3c, ph\u00e1t tri\u1ec3n b\u1ec1n v\u1eefng v\u1edbi c\u00e1c \u0111\u1ed1i t\u00e1c v\u00e0 th\u01b0\u01a1ng hi\u1ec7u thu\u00ea, h\u01b0\u1edbng \u0111\u1ebfn t\u01b0\u01a1ng lai l\u00e2u d\u00e0i.<\/p><\/div>\n        \t\t\t\t<\/div>\n\t\t\t\t<\/div>\n\t\t\t\t\t<\/div>\n\t\t\t\t<\/div>\n\t\t<div class=\"elementor-element elementor-element-514a997 e-flex e-con-boxed e-con e-parent\" data-id=\"514a997\" data-element_type=\"container\" data-settings=\"{&quot;jet_parallax_layout_list&quot;:[]}\">\n\t\t\t\t\t<div class=\"e-con-inner\">\n\t\t\t\t<div class=\"elementor-element elementor-element-785a0d8 elementor-widget elementor-widget-heading\" data-id=\"785a0d8\" data-element_type=\"widget\" data-widget_type=\"heading.default\">\n\t\t\t\t<div class=\"elementor-widget-container\">\n\t\t\t\t\t<div class=\"elementor-heading-wrapper\" ><div class=\"elementor-heading-wrapper-inner\"><h5 class=\"elementor-heading-title elementor-size-default\">B\u1ea3n s\u1eafc th\u01b0\u01a1ng hi\u1ec7u Merry Plaza<\/h5><\/div><\/div>\t\t\t\t<\/div>\n\t\t\t\t<\/div>\n\t\t\t\t\t<\/div>\n\t\t\t\t<\/div>\n\t\t<div class=\"elementor-element elementor-element-ce15407 e-flex e-con-boxed e-con e-parent\" data-id=\"ce15407\" data-element_type=\"container\" data-settings=\"{&quot;jet_parallax_layout_list&quot;:[]}\">\n\t\t\t\t\t<div class=\"e-con-inner\">\n\t\t\t\t<div class=\"elementor-element elementor-element-3106711 elementor-widget elementor-widget-text-editor\" data-id=\"3106711\" data-element_type=\"widget\" data-widget_type=\"text-editor.default\">\n\t\t\t\t<div class=\"elementor-widget-container\">\n\t\t\t\t\t        <div class=\"elementor-text-editor elementor-clearfix\"><p>H\u00e2n hoan &amp; Th\u00e2n thi\u1ec7n: Lan t\u1ecfa ni\u1ec1m vui, th\u00e2n thi\u1ec7n v\u00e0 t\u1ea1o c\u1ea3m gi\u00e1c g\u1ea7n g\u0169i, tho\u1ea3i m\u00e1i v\u1edbi kh\u00e1ch h\u00e0ng, c\u01b0 d\u00e2n v\u00e0 \u0111\u1ed1i t\u00e1c.<\/p><p>Chuy\u00ean nghi\u1ec7p &amp; Hi\u1ec7u qu\u1ea3: \u0110\u1ec1 cao ti\u00eau chu\u1ea9n qu\u1ea3n l\u00fd v\u1eadn h\u00e0nh, lu\u00f4n r\u00f5 r\u00e0ng, minh b\u1ea1ch, v\u00e0 hi\u1ec7u qu\u1ea3 trong m\u1ecdi ho\u1ea1t \u0111\u1ed9ng.<\/p><p>Th\u1ea5u hi\u1ec3u &amp; \u0110\u00e1ng tin c\u1eady: Lu\u00f4n l\u1eafng nghe, \u0111\u00e1p \u1ee9ng nhanh ch\u00f3ng v\u00e0 hi\u1ec7u qu\u1ea3 nh\u1eefng mong \u0111\u1ee3i c\u1ee7a kh\u00e1ch h\u00e0ng, \u0111\u1ed1i t\u00e1c v\u00e0 nh\u00e2n vi\u00ean.<\/p><\/div>\n        \t\t\t\t<\/div>\n\t\t\t\t<\/div>\n\t\t\t\t\t<\/div>\n\t\t\t\t<\/div>\n\t\t<div class=\"elementor-element elementor-element-5dd0273 e-flex e-con-boxed e-con e-parent\" data-id=\"5dd0273\" data-element_type=\"container\" data-settings=\"{&quot;jet_parallax_layout_list&quot;:[]}\">\n\t\t\t\t\t<div class=\"e-con-inner\">\n\t\t\t\t<div class=\"elementor-element elementor-element-9ac9a26 elementor-widget elementor-widget-heading\" data-id=\"9ac9a26\" data-element_type=\"widget\" data-widget_type=\"heading.default\">\n\t\t\t\t<div class=\"elementor-widget-container\">\n\t\t\t\t\t<div class=\"elementor-heading-wrapper\" ><div class=\"elementor-heading-wrapper-inner\"><h5 class=\"elementor-heading-title elementor-size-default\">Merry Plaza, N\u01a1i h\u1ea1nh ph\u00fac v\u00e0 th\u00e0nh c\u00f4ng g\u1eb7p nhau<\/h5><\/div><\/div>\t\t\t\t<\/div>\n\t\t\t\t<\/div>\n\t\t\t\t\t<\/div>\n\t\t\t\t<\/div>\n\t\t<div class=\"elementor-element elementor-element-a00ff6a e-flex e-con-boxed e-con e-parent\" data-id=\"a00ff6a\" data-element_type=\"container\" data-settings=\"{&quot;jet_parallax_layout_list&quot;:[]}\">\n\t\t\t\t\t<div class=\"e-con-inner\">\n\t\t\t\t<div class=\"elementor-element elementor-element-b7a8bf7 elementor-widget elementor-widget-text-editor\" data-id=\"b7a8bf7\" data-element_type=\"widget\" data-widget_type=\"text-editor.default\">\n\t\t\t\t<div class=\"elementor-widget-container\">\n\t\t\t\t\t        <div class=\"elementor-text-editor elementor-clearfix\"><p>T\u1ea1i Merry Plaza, ch\u00fang t\u00f4i hi\u1ec3u r\u1eb1ng s\u1ef1 ph\u00e1t tri\u1ec3n b\u1ec1n v\u1eefng ch\u1ec9 th\u1eadt s\u1ef1 c\u00f3 \u00fd ngh\u0129a khi n\u00f3 g\u1eafn li\u1ec1n v\u1edbi ni\u1ec1m h\u1ea1nh ph\u00fac v\u00e0 s\u1ef1 h\u00e0i l\u00f2ng c\u1ee7a t\u1ea5t c\u1ea3 m\u1ecdi ng\u01b0\u1eddi. V\u00ec th\u1ebf, m\u1ed7i m\u1eb7t b\u1eb1ng th\u01b0\u01a1ng m\u1ea1i ch\u00fang t\u00f4i qu\u1ea3n l\u00fd \u0111\u1ec1u l\u00e0 n\u01a1i h\u1ed9i t\u1ee5 c\u1ee7a ni\u1ec1m vui, s\u1ef1 ti\u1ec7n l\u1ee3i v\u00e0 c\u01a1 h\u1ed9i th\u00e0nh c\u00f4ng.<\/p><p>\u0110\u1ed3ng h\u00e0nh c\u00f9ng Merry Plaza ch\u00ednh l\u00e0 l\u1ef1a ch\u1ecdn m\u1ed9t t\u01b0\u01a1ng lai \u0111\u1ea7y h\u1ee9a h\u1eb9n, n\u01a1i m\u1ecdi doanh nghi\u1ec7p, c\u01b0 d\u00e2n v\u00e0 nh\u00e2n vi\u00ean \u0111\u1ec1u \u0111\u01b0\u1ee3c t\u1eadn h\u01b0\u1edfng m\u1ed9t m\u00f4i tr\u01b0\u1eddng ph\u00e1t tri\u1ec3n t\u00edch c\u1ef1c v\u00e0 h\u1ea1nh ph\u00fac.<\/p><\/div>\n        \t\t\t\t<\/div>\n\t\t\t\t<\/div>\n\t\t\t\t\t<\/div>\n\t\t\t\t<\/div>\n\t\t<div class=\"elementor-element elementor-element-a703dae e-flex e-con-boxed e-con e-parent\" data-id=\"a703dae\" data-element_type=\"container\" data-settings=\"{&quot;jet_parallax_layout_list&quot;:[]}\">\n\t\t\t\t\t<div class=\"e-con-inner\">\n\t\t\t\t<div class=\"elementor-element elementor-element-0d06d19 elementor-widget elementor-widget-heading\" data-id=\"0d06d19\" data-element_type=\"widget\" data-widget_type=\"heading.default\">\n\t\t\t\t<div class=\"elementor-widget-container\">\n\t\t\t\t\t<div class=\"elementor-heading-wrapper\" ><div class=\"elementor-heading-wrapper-inner\"><h4 class=\"elementor-heading-title elementor-size-medium\">H\u1ec7 th\u1ed1ng TTTM Merry Plaza<\/h4><\/div><\/div>\t\t\t\t<\/div>\n\t\t\t\t<\/div>\n\t\t\t\t\t<\/div>\n\t\t\t\t<\/div>\n\t\t<div class=\"elementor-element elementor-element-336ff68 e-flex e-con-boxed e-con e-parent\" data-id=\"336ff68\" data-element_type=\"container\" data-settings=\"{&quot;jet_parallax_layout_list&quot;:[]}\">\n\t\t\t\t\t<div class=\"e-con-inner\">\n\t\t\t\t<div class=\"elementor-element elementor-element-e806a63 elementor-widget elementor-widget-jet-brands\" data-id=\"e806a63\" data-element_type=\"widget\" data-widget_type=\"jet-brands.default\">\n\t\t\t\t<div class=\"elementor-widget-container\">\n\t\t\t\t\t<div class=\"elementor-jet-brands jet-elements\"><div class=\"brands-wrap\">\n\t<div class=\"brands-list col-row\"><div class=\"brands-list__item\"><a class=\"brands-list__item-link\" href=\"https:\/\/merrycommercial.vn\/?page_id=7601\"><div class=\"brands-list__item-img-wrap\"><img decoding=\"async\" src=\"https:\/\/merrycommercial.vn\/wp-content\/uploads\/2025\/08\/plaza-01-scaled.jpg\" alt=\"MERRY PLAZA KDC Trung S\u01a1n\" class=\"brands-list__item-img\" loading=\"lazy\"><\/div><h3 class=\"brands-list__item-name\">Merry Plaza - Saigon Mia<\/h3><div class=\"brands-list__item-desc\">202 \u0110\u01b0\u1eddng 9A, KDC Trung S\u01a1n, B\u00ecnh H\u01b0ng, TP.HCM<\/div><\/a><\/div>\n<div class=\"brands-list__item\"><a class=\"brands-list__item-link\" href=\"https:\/\/merrycommercial.vn\/?page_id=7651\"><div class=\"brands-list__item-img-wrap\"><img decoding=\"async\" src=\"https:\/\/merrycommercial.vn\/wp-content\/uploads\/2025\/08\/plaza-02-scaled.jpg\" alt=\"MERRY PLAZA Moonlight Residences\" class=\"brands-list__item-img\" loading=\"lazy\"><\/div><h3 class=\"brands-list__item-name\">Merry Plaza - Moonlight Residences<\/h3><div class=\"brands-list__item-desc\">102 \u0110\u1eb7ng V\u0103n Bi, P. Th\u1ee7 \u0110\u1ee9c, TP.HCM<\/div><\/a><\/div>\n<div class=\"brands-list__item\"><a class=\"brands-list__item-link\" href=\"https:\/\/merrycommercial.vn\/?page_id=8093\"><div class=\"brands-list__item-img-wrap\"><img decoding=\"async\" src=\"https:\/\/merrycommercial.vn\/wp-content\/uploads\/2025\/08\/plaza-03-scaled.jpg\" alt=\"Richmond City\" class=\"brands-list__item-img\" loading=\"lazy\"><\/div><h3 class=\"brands-list__item-name\">Richmond Center<\/h3><div class=\"brands-list__item-desc\">207 \u0110\u01b0\u1eddng Nguy\u1ec5n X\u00ed, Ph\u01b0\u1eddng B\u00ecnh Th\u1ea1nh, TP.HCM <\/div><\/a><\/div>\n<div class=\"brands-list__item\"><a class=\"brands-list__item-link\" href=\"https:\/\/merrycommercial.vn\/?page_id=8216\"><div class=\"brands-list__item-img-wrap\"><img decoding=\"async\" src=\"https:\/\/merrycommercial.vn\/wp-content\/uploads\/2025\/08\/plaza-04-scaled.jpg\" alt=\"Melody Residences\" class=\"brands-list__item-img\" loading=\"lazy\"><\/div><h3 class=\"brands-list__item-name\">Melody Residences<\/h3><div class=\"brands-list__item-desc\">869 \u00c2u C\u01a1, Ph\u01b0\u1eddng T\u00e2n S\u01a1n Nh\u00ec, TP.HCM<\/div><\/a><\/div>\n<div class=\"brands-list__item\"><div class=\"brands-list__item-img-wrap\"><img decoding=\"async\" src=\"https:\/\/merrycommercial.vn\/wp-content\/uploads\/2025\/08\/plaza-05-scaled.jpg\" alt=\"Sky Center\" class=\"brands-list__item-img\" loading=\"lazy\"><\/div><h3 class=\"brands-list__item-name\">Sky Center<\/h3><div class=\"brands-list__item-desc\">10 Ph\u1ed5 Quang, Ph\u01b0\u1eddng T\u00e2n S\u01a1n Ho\u0300a, TP.HCM<\/div><\/div>\n<div class=\"brands-list__item\"><div class=\"brands-list__item-img-wrap\"><img decoding=\"async\" src=\"https:\/\/merrycommercial.vn\/wp-content\/uploads\/2025\/08\/plaza-06-scaled.jpg\" alt=\"Lavita Charm\" class=\"brands-list__item-img\" loading=\"lazy\"><\/div><h3 class=\"brands-list__item-name\">Lavita Charm<\/h3><div class=\"brands-list__item-desc\">58 \u0110\u01b0\u1eddng S\u1ed1 1, Ph\u01b0\u1eddng Th\u1ee7 \u0110\u1ee9c, TP.HCM<\/div><\/div>\n<div class=\"brands-list__item\"><div class=\"brands-list__item-img-wrap\"><img decoding=\"async\" src=\"https:\/\/merrycommercial.vn\/wp-content\/uploads\/2025\/09\/Q7.jpg\" alt=\"Q7\" class=\"brands-list__item-img\" loading=\"lazy\"><\/div><h3 class=\"brands-list__item-name\">Q7 Saigon Riverside Complex<\/h3><div class=\"brands-list__item-desc\"> 4 \u0110\u00e0o Tr\u00ed, Ph\u01b0\u1eddng Ph\u00fa Thu\u1eadn, TP.HCM<\/div><\/div>\n<div class=\"brands-list__item\"><div class=\"brands-list__item-img-wrap\"><img decoding=\"async\" src=\"https:\/\/merrycommercial.vn\/wp-content\/uploads\/2025\/09\/citizen.jpg\" alt=\"citizen\" class=\"brands-list__item-img\" loading=\"lazy\"><\/div><h3 class=\"brands-list__item-name\">Citizen.Ts<\/h3><div class=\"brands-list__item-desc\">\u0110\u01b0\u1eddng 9A, KDC Trung S\u01a1n, Ph\u01b0\u1eddng B\u00ecnh H\u01b0ng, TP.HCM<\/div><\/div>\n<div class=\"brands-list__item\"><div class=\"brands-list__item-img-wrap\"><img decoding=\"async\" src=\"https:\/\/merrycommercial.vn\/wp-content\/uploads\/2025\/09\/vungtau.jpg\" alt=\"vungtau\" class=\"brands-list__item-img\" loading=\"lazy\"><\/div><h3 class=\"brands-list__item-name\">V\u0169ng T\u00e0u Melody<\/h3><div class=\"brands-list__item-desc\">149 V\u00f5 Th\u1ecb S\u00e1u, Ph\u01b0\u1eddng V\u0169ng T\u00e0u, TP.HCM <\/div><\/div>\n<\/div><\/div><\/div>\t\t\t\t<\/div>\n\t\t\t\t<\/div>\n\t\t\t\t\t<\/div>\n\t\t\t\t<\/div>\n\t\t<div class=\"elementor-element elementor-element-7f42c9d e-flex e-con-boxed e-con e-parent\" data-id=\"7f42c9d\" data-element_type=\"container\" data-settings=\"{&quot;jet_parallax_layout_list&quot;:[]}\">\n\t\t\t\t\t<div class=\"e-con-inner\">\n\t\t<div class=\"elementor-element elementor-element-81cb0fd e-con-full e-flex e-con e-child\" data-id=\"81cb0fd\" data-element_type=\"container\" data-settings=\"{&quot;jet_parallax_layout_list&quot;:[]}\">\n\t\t\t\t<div class=\"elementor-element elementor-element-7219d9c elementor-widget elementor-widget-text-editor\" data-id=\"7219d9c\" data-element_type=\"widget\" data-widget_type=\"text-editor.default\">\n\t\t\t\t<div class=\"elementor-widget-container\">\n\t\t\t\t\t        <div class=\"elementor-text-editor elementor-clearfix\"><p>Merry Plaza kh\u00f4ng ch\u1ec9 \u0111\u01a1n thu\u1ea7n l\u00e0 n\u01a1i cung c\u1ea5p c\u00e1c gi\u1ea3i ph\u00e1p v\u1ec1 m\u1eb7t b\u1eb1ng th\u01b0\u01a1ng m\u1ea1i, m\u00e0 c\u00f2n l\u00e0 n\u01a1i x\u00e2y d\u1ef1ng m\u1ed9t c\u1ed9ng \u0111\u1ed3ng h\u00e2n hoan, g\u1eafn k\u1ebft v\u00e0 c\u00f9ng nhau ph\u00e1t tri\u1ec3n b\u1ec1n v\u1eefng. Ch\u00fang t\u00f4i tin t\u01b0\u1edfng r\u1eb1ng h\u1ea1nh ph\u00fac l\u00e0 n\u1ec1n t\u1ea3ng cho th\u00e0nh c\u00f4ng, v\u00e0 s\u1ef1 th\u00e0nh c\u00f4ng s\u1ebd c\u00e0ng \u00fd ngh\u0129a khi \u0111\u01b0\u1ee3c chia s\u1ebb c\u00f9ng nhau.<\/p><\/div>\n        \t\t\t\t<\/div>\n\t\t\t\t<\/div>\n\t\t\t\t<\/div>\n\t\t\t\t\t<\/div>\n\t\t\t\t<\/div>\n\t\t\t\t<\/div>\n\t\t","protected":false},"excerpt":{"rendered":"<p>Merry Plaza \u0111\u01b0\u1ee3c h\u00ecnh th\u00e0nh t\u1eeb kh\u00e1t v\u1ecdng t\u1ea1o ra nh\u1eefng kh\u00f4ng gian th\u01b0\u01a1ng m\u1ea1i tr\u00e0n \u0111\u1ea7y ni\u1ec1m vui v\u00e0 s\u1ee9c s\u1ed1ng. V\u1edbi ch\u00fang t\u00f4i, m\u1ed7i m\u1eb7t b\u1eb1ng kh\u00f4ng ch\u1ec9 d\u00e0nh ri\u00eang cho kinh doanh, m\u00e0 c\u00f2n l\u00e0 n\u01a1i \u0111\u1ec3 lan t\u1ecfa ni\u1ec1m h\u00e2n hoan, k\u1ebft n\u1ed1i c\u1ed9ng \u0111\u1ed3ng, v\u00e0 c\u00f9ng nhau ph\u00e1t tri\u1ec3n b\u1ec1n &hellip; <\/p>\n<p class=\"link-more\"><a href=\"https:\/\/merrycommercial.vn\/?page_id=8164\" class=\"more-link\">Read More <span class=\"screen-reader-text\"> &#8220;H\u1ec6 TH\u1ed0NG TTTM&#8221;<\/span><\/a><\/p>\n","protected":false},"author":2,"featured_media":0,"parent":0,"menu_order":0,"comment_status":"closed","ping_status":"closed","template":"elementor_header_footer","meta":{"footnotes":""},"class_list":["post-8164","page","type-page","status-publish","hentry"],"_links":{"self":[{"href":"https:\/\/merrycommercial.vn\/index.php?rest_route=\/wp\/v2\/pages\/8164","targetHints":{"allow":["GET"]}}],"collection":[{"href":"https:\/\/merrycommercial.vn\/index.php?rest_route=\/wp\/v2\/pages"}],"about":[{"href":"https:\/\/merrycommercial.vn\/index.php?rest_route=\/wp\/v2\/types\/page"}],"author":[{"embeddable":true,"href":"https:\/\/merrycommercial.vn\/index.php?rest_route=\/wp\/v2\/users\/2"}],"replies":[{"embeddable":true,"href":"https:\/\/merrycommercial.vn\/index.php?rest_route=%2Fwp%2Fv2%2Fcomments&post=8164"}],"version-history":[{"count":34,"href":"https:\/\/merrycommercial.vn\/index.php?rest_route=\/wp\/v2\/pages\/8164\/revisions"}],"predecessor-version":[{"id":8501,"href":"https:\/\/merrycommercial.vn\/index.php?rest_route=\/wp\/v2\/pages\/8164\/revisions\/8501"}],"wp:attachment":[{"href":"https:\/\/merrycommercial.vn\/index.php?rest_route=%2Fwp%2Fv2%2Fmedia&parent=8164"}],"curies":[{"name":"wp","href":"https:\/\/api.w.org\/{rel}","templated":true}]}}