{"id":8216,"date":"2025-09-06T22:57:28","date_gmt":"2025-09-06T15:57:28","guid":{"rendered":"https:\/\/merrycommercial.vn\/?page_id=8216"},"modified":"2025-09-06T23:13:07","modified_gmt":"2025-09-06T16:13:07","slug":"melody-residences","status":"publish","type":"page","link":"https:\/\/merrycommercial.vn\/?page_id=8216","title":{"rendered":"Melody Residences"},"content":{"rendered":"\t\t<div data-elementor-type=\"wp-page\" data-elementor-id=\"8216\" class=\"elementor elementor-8216\">\n\t\t\t\t<div class=\"elementor-element elementor-element-3deb584 e-flex e-con-boxed e-con e-parent\" data-id=\"3deb584\" data-element_type=\"container\" data-settings=\"{&quot;jet_parallax_layout_list&quot;:[]}\">\n\t\t\t\t\t<div class=\"e-con-inner\">\n\t\t<div class=\"elementor-element elementor-element-68b057e e-con-full e-flex e-con e-child\" data-id=\"68b057e\" data-element_type=\"container\" data-settings=\"{&quot;jet_parallax_layout_list&quot;:[]}\">\n\t\t\t\t<div class=\"elementor-element elementor-element-c85f01b elementor-widget elementor-widget-image\" data-id=\"c85f01b\" data-element_type=\"widget\" data-widget_type=\"image.default\">\n\t\t\t\t<div class=\"elementor-widget-container\">\n\t\t\t\t\t\t\t\t\t\t\t\t\t\t\t<img decoding=\"async\" width=\"271\" height=\"59\" src=\"https:\/\/merrycommercial.vn\/wp-content\/uploads\/2024\/11\/logo-merrymall.png\" class=\"attachment-large size-large wp-image-6891\" alt=\"\" \/>\t\t\t\t\t\t\t\t\t\t\t\t\t\t\t<\/div>\n\t\t\t\t<\/div>\n\t\t\t\t<div class=\"elementor-element elementor-element-4630f44 elementor-widget elementor-widget-heading\" data-id=\"4630f44\" data-element_type=\"widget\" data-widget_type=\"heading.default\">\n\t\t\t\t<div class=\"elementor-widget-container\">\n\t\t\t\t\t<div class=\"elementor-heading-wrapper\" ><div class=\"elementor-heading-wrapper-inner\"><h3 class=\"elementor-heading-title elementor-size-default\">Melody Residences<\/h3><\/div><\/div>\t\t\t\t<\/div>\n\t\t\t\t<\/div>\n\t\t\t\t<div class=\"elementor-element elementor-element-0769fa0 elementor-widget elementor-widget-text-editor\" data-id=\"0769fa0\" data-element_type=\"widget\" data-widget_type=\"text-editor.default\">\n\t\t\t\t<div class=\"elementor-widget-container\">\n\t\t\t\t\t        <div class=\"elementor-text-editor elementor-clearfix\"><p>869 \u00c2u C\u01a1, Ph\u01b0\u1eddng T\u00e2n S\u01a1n Nh\u00ec, TP.HCM<br \/>(\u0110\u1ecba ch\u1ec9 c\u0169: P. T\u00e2n S\u01a1n Nh\u00ec, Q. T\u00e2n Ph\u00fa)<\/p><\/div>\n        \t\t\t\t<\/div>\n\t\t\t\t<\/div>\n\t\t\t\t<div class=\"elementor-element elementor-element-d8c0773 elementor-widget elementor-widget-text-editor\" data-id=\"d8c0773\" data-element_type=\"widget\" data-widget_type=\"text-editor.default\">\n\t\t\t\t<div class=\"elementor-widget-container\">\n\t\t\t\t\t        <div class=\"elementor-text-editor elementor-clearfix\"><p><b>Khai tr\u01b0\u01a1ng<\/b><b><br \/><\/b>D\u1ef1 ki\u1ebfn 2025<\/p><p><b>Di\u1ec7n t\u00edch cho thu\u00ea<br \/><\/b>kho\u1ea3ng 1148,1 m\u00b2<\/p><\/div>\n        \t\t\t\t<\/div>\n\t\t\t\t<\/div>\n\t\t\t\t<\/div>\n\t\t<div class=\"elementor-element elementor-element-8e5b37b e-con-full e-flex e-con e-child\" data-id=\"8e5b37b\" data-element_type=\"container\" data-settings=\"{&quot;jet_parallax_layout_list&quot;:[]}\">\n\t\t\t\t<div class=\"elementor-element elementor-element-a75949b elementor-widget elementor-widget-google_maps\" data-id=\"a75949b\" data-element_type=\"widget\" data-widget_type=\"google_maps.default\">\n\t\t\t\t<div class=\"elementor-widget-container\">\n\t\t\t\t\t\t\t<div class=\"elementor-custom-embed\">\n\t\t\t<iframe loading=\"lazy\"\n\t\t\t\t\tsrc=\"https:\/\/maps.google.com\/maps?q=869%20%C3%82u%20C%C6%A1%2C%20P.%20T%C3%A2n%20S%C6%A1n%20Nh%C3%AC%2C%20Q.%20T%C3%A2n%20ph%C3%BA%2C%20TP.HCM&#038;t=m&#038;z=15&#038;output=embed&#038;iwloc=near\"\n\t\t\t\t\ttitle=\"869 \u00c2u C\u01a1, P. T\u00e2n S\u01a1n Nh\u00ec, Q. T\u00e2n ph\u00fa, TP.HCM\"\n\t\t\t\t\taria-label=\"869 \u00c2u C\u01a1, P. T\u00e2n S\u01a1n Nh\u00ec, Q. T\u00e2n ph\u00fa, TP.HCM\"\n\t\t\t><\/iframe>\n\t\t<\/div>\n\t\t\t\t\t\t<\/div>\n\t\t\t\t<\/div>\n\t\t\t\t<\/div>\n\t\t\t\t\t<\/div>\n\t\t\t\t<\/div>\n\t\t<div class=\"elementor-element elementor-element-7ece1b4 e-flex e-con-boxed e-con e-parent\" data-id=\"7ece1b4\" data-element_type=\"container\" data-settings=\"{&quot;jet_parallax_layout_list&quot;:[]}\">\n\t\t\t\t\t<div class=\"e-con-inner\">\n\t\t\t\t<div class=\"elementor-element elementor-element-a5acf07 elementor-widget elementor-widget-heading\" data-id=\"a5acf07\" data-element_type=\"widget\" data-widget_type=\"heading.default\">\n\t\t\t\t<div class=\"elementor-widget-container\">\n\t\t\t\t\t<div class=\"elementor-heading-wrapper\" ><div class=\"elementor-heading-wrapper-inner\"><h2 class=\"elementor-heading-title elementor-size-default\">Th\u01b0\u01a1ng Hi\u1ec7u \u0110\u1ed3ng H\u00e0nh\u200b<\/h2><\/div><\/div>\t\t\t\t<\/div>\n\t\t\t\t<\/div>\n\t\t\t\t\t<\/div>\n\t\t\t\t<\/div>\n\t\t<div class=\"elementor-element elementor-element-63746de e-flex e-con-boxed e-con e-parent\" data-id=\"63746de\" data-element_type=\"container\" data-settings=\"{&quot;jet_parallax_layout_list&quot;:[]}\">\n\t\t\t\t\t<div class=\"e-con-inner\">\n\t\t\t\t<div class=\"elementor-element elementor-element-a66a66c elementor-widget elementor-widget-jet-brands\" data-id=\"a66a66c\" data-element_type=\"widget\" data-widget_type=\"jet-brands.default\">\n\t\t\t\t<div class=\"elementor-widget-container\">\n\t\t\t\t\t<div class=\"elementor-jet-brands jet-elements\"><div class=\"brands-wrap\">\n\t<div class=\"brands-list col-row\"><div class=\"brands-list__item\"><a class=\"brands-list__item-link\" href=\"https:\/\/www.facebook.com\/hethongtrungtamtiemchungvnvc\"><div class=\"brands-list__item-img-wrap\"><img decoding=\"async\" src=\"https:\/\/merrycommercial.vn\/wp-content\/uploads\/2025\/08\/kid-club.jpg\" alt=\"kid club\" class=\"brands-list__item-img\" loading=\"lazy\"><\/div><h5 class=\"brands-list__item-name\"> Kid's Club <\/h5><div class=\"brands-list__item-desc\">Tr\u01b0\u1eddng M\u1ea7m Non<\/div><\/a><\/div>\n<\/div><\/div><\/div>\t\t\t\t<\/div>\n\t\t\t\t<\/div>\n\t\t\t\t\t<\/div>\n\t\t\t\t<\/div>\n\t\t<div class=\"elementor-element elementor-element-0d2343f e-flex e-con-boxed e-con e-parent\" data-id=\"0d2343f\" data-element_type=\"container\" data-settings=\"{&quot;jet_parallax_layout_list&quot;:[]}\">\n\t\t\t\t\t<div class=\"e-con-inner\">\n\t\t\t\t<div class=\"elementor-element elementor-element-7efc5de elementor-widget elementor-widget-spacer\" data-id=\"7efc5de\" data-element_type=\"widget\" data-widget_type=\"spacer.default\">\n\t\t\t\t<div class=\"elementor-widget-container\">\n\t\t\t\t\t        <div class=\"elementor-spacer\">\n            <div class=\"elementor-spacer-inner\"><\/div>\n        <\/div>\n\t\t\t\t\t\t<\/div>\n\t\t\t\t<\/div>\n\t\t\t\t\t<\/div>\n\t\t\t\t<\/div>\n\t\t<div class=\"elementor-element elementor-element-99cd68f e-flex e-con-boxed e-con e-parent\" data-id=\"99cd68f\" data-element_type=\"container\" data-settings=\"{&quot;jet_parallax_layout_list&quot;:[]}\">\n\t\t\t\t\t<div class=\"e-con-inner\">\n\t\t\t\t<div class=\"elementor-element elementor-element-17f0249 elementor-widget elementor-widget-opal-image-gallery\" data-id=\"17f0249\" data-element_type=\"widget\" data-widget_type=\"opal-image-gallery.default\">\n\t\t\t\t<div class=\"elementor-widget-container\">\n\t\t\t\t\t\n        <div class=\"elementor-opal-image-gallery\">\n            <div class=\"row grid isotope-grid\" data-elementor-columns=\"1\">\n                                    <div class=\"column-item grid__item masonry-item __all gallery_group_0\">\n                        <a data-elementor-open-lightbox=\"no\"                            href=\"https:\/\/merrycommercial.vn\/wp-content\/uploads\/2025\/08\/plaza-04-scaled.jpg\">\n                            <img decoding=\"async\" src=\"https:\/\/merrycommercial.vn\/wp-content\/uploads\/2025\/08\/plaza-04-700x394.jpg\"\n                                 alt=\"Melody Residences\"\/>\n                            <div class=\"gallery-item-overlay\">\n                                <i class=\"opal-icon-search\"><\/i>\n                            <\/div>\n                        <\/a>\n                    <\/div>\n                                <\/div>\n        <\/div>\n        \t\t\t\t<\/div>\n\t\t\t\t<\/div>\n\t\t\t\t\t<\/div>\n\t\t\t\t<\/div>\n\t\t\t\t<\/div>\n\t\t","protected":false},"excerpt":{"rendered":"<p>Melody Residences 869 \u00c2u C\u01a1, Ph\u01b0\u1eddng T\u00e2n S\u01a1n Nh\u00ec, TP.HCM(\u0110\u1ecba ch\u1ec9 c\u0169: P. T\u00e2n S\u01a1n Nh\u00ec, Q. T\u00e2n Ph\u00fa) Khai tr\u01b0\u01a1ngD\u1ef1 ki\u1ebfn 2025 Di\u1ec7n t\u00edch cho thu\u00eakho\u1ea3ng 1148,1 m\u00b2 Th\u01b0\u01a1ng Hi\u1ec7u \u0110\u1ed3ng H\u00e0nh\u200b Kid&#8217;s Club Tr\u01b0\u1eddng M\u1ea7m Non<\/p>\n","protected":false},"author":2,"featured_media":0,"parent":8164,"menu_order":0,"comment_status":"closed","ping_status":"closed","template":"","meta":{"footnotes":""},"class_list":["post-8216","page","type-page","status-publish","hentry"],"_links":{"self":[{"href":"https:\/\/merrycommercial.vn\/index.php?rest_route=\/wp\/v2\/pages\/8216","targetHints":{"allow":["GET"]}}],"collection":[{"href":"https:\/\/merrycommercial.vn\/index.php?rest_route=\/wp\/v2\/pages"}],"about":[{"href":"https:\/\/merrycommercial.vn\/index.php?rest_route=\/wp\/v2\/types\/page"}],"author":[{"embeddable":true,"href":"https:\/\/merrycommercial.vn\/index.php?rest_route=\/wp\/v2\/users\/2"}],"replies":[{"embeddable":true,"href":"https:\/\/merrycommercial.vn\/index.php?rest_route=%2Fwp%2Fv2%2Fcomments&post=8216"}],"version-history":[{"count":5,"href":"https:\/\/merrycommercial.vn\/index.php?rest_route=\/wp\/v2\/pages\/8216\/revisions"}],"predecessor-version":[{"id":8516,"href":"https:\/\/merrycommercial.vn\/index.php?rest_route=\/wp\/v2\/pages\/8216\/revisions\/8516"}],"up":[{"embeddable":true,"href":"https:\/\/merrycommercial.vn\/index.php?rest_route=\/wp\/v2\/pages\/8164"}],"wp:attachment":[{"href":"https:\/\/merrycommercial.vn\/index.php?rest_route=%2Fwp%2Fv2%2Fmedia&parent=8216"}],"curies":[{"name":"wp","href":"https:\/\/api.w.org\/{rel}","templated":true}]}}