{"id":8346,"date":"2025-10-07T14:01:05","date_gmt":"2025-10-07T07:01:05","guid":{"rendered":"https:\/\/merrycommercial.vn\/?page_id=8346"},"modified":"2026-02-11T14:52:26","modified_gmt":"2026-02-11T07:52:26","slug":"gioi-thieu-merrycom","status":"publish","type":"page","link":"https:\/\/merrycommercial.vn\/?page_id=8346","title":{"rendered":"L\u0129nh V\u1ef1c Kinh Doanh"},"content":{"rendered":"\t\t<div data-elementor-type=\"wp-page\" data-elementor-id=\"8346\" class=\"elementor elementor-8346\">\n\t\t\t\t<div class=\"elementor-element elementor-element-adfc517 e-flex e-con-boxed e-con e-parent\" data-id=\"adfc517\" data-element_type=\"container\" data-settings=\"{&quot;jet_parallax_layout_list&quot;:[]}\">\n\t\t\t\t\t<div class=\"e-con-inner\">\n\t\t\t\t<div class=\"elementor-element elementor-element-6be118d elementor-widget elementor-widget-heading\" data-id=\"6be118d\" data-element_type=\"widget\" data-widget_type=\"heading.default\">\n\t\t\t\t<div class=\"elementor-widget-container\">\n\t\t\t\t\t<div class=\"elementor-heading-wrapper\" ><div class=\"elementor-heading-wrapper-inner\"><h4 class=\"elementor-heading-title elementor-size-default\">L\u0128NH V\u1ef0C KINH DOANH MERRY COMMERCIAL<\/h4><\/div><\/div>\t\t\t\t<\/div>\n\t\t\t\t<\/div>\n\t\t\t\t<div class=\"elementor-element elementor-element-d86eac3 elementor-widget elementor-widget-text-editor\" data-id=\"d86eac3\" data-element_type=\"widget\" data-widget_type=\"text-editor.default\">\n\t\t\t\t<div class=\"elementor-widget-container\">\n\t\t\t\t\t        <div class=\"elementor-text-editor elementor-clearfix\"><p>Merry Commercial t\u1eadp trung ph\u00e1t tri\u1ec3n th\u01b0\u01a1ng hi\u1ec7u, ho\u1ea1ch \u0111\u1ecbnh chi\u1ebfn l\u01b0\u1ee3c v\u00e0 v\u1eadn h\u00e0nh <strong>kh\u1ed1i \u0111\u1ebf th\u01b0\u01a1ng m\u1ea1i trong c\u00e1c khu c\u0103n h\u1ed9 v\u00e0 \u0111\u00f4 th\u1ecb hi\u1ec7n \u0111\u1ea1i<\/strong>. Ch\u00fang t\u00f4i \u0111\u1ecbnh h\u00ecnh Merry Plaza nh\u01b0 nh\u1eefng <strong>trung t\u00e2m th\u01b0\u01a1ng m\u1ea1i ti\u1ec7n \u00edch thi\u1ebft th\u1ef1c<\/strong>, n\u01a1i c\u01b0 d\u00e2n v\u00e0 kh\u00e1ch h\u00e0ng c\u00f3 th\u1ec3 mua s\u1eafm, \u0103n u\u1ed1ng, h\u1ecdc t\u1eadp, ch\u0103m s\u00f3c s\u1ee9c kh\u1ecfe v\u00e0 tham gia c\u00e1c ho\u1ea1t \u0111\u1ed9ng c\u1ed9ng \u0111\u1ed3ng.<\/p><\/div>\n        \t\t\t\t<\/div>\n\t\t\t\t<\/div>\n\t\t\t\t<div class=\"elementor-element elementor-element-4472138 elementor-widget elementor-widget-spacer\" data-id=\"4472138\" data-element_type=\"widget\" data-widget_type=\"spacer.default\">\n\t\t\t\t<div class=\"elementor-widget-container\">\n\t\t\t\t\t        <div class=\"elementor-spacer\">\n            <div class=\"elementor-spacer-inner\"><\/div>\n        <\/div>\n\t\t\t\t\t\t<\/div>\n\t\t\t\t<\/div>\n\t\t\t\t<div class=\"elementor-element elementor-element-2e6e195 elementor-widget elementor-widget-heading\" data-id=\"2e6e195\" data-element_type=\"widget\" data-widget_type=\"heading.default\">\n\t\t\t\t<div class=\"elementor-widget-container\">\n\t\t\t\t\t<div class=\"elementor-heading-wrapper\" ><div class=\"elementor-heading-wrapper-inner\"><h4 class=\"elementor-heading-title elementor-size-default\">1. Ho\u1ea1ch \u0111\u1ecbnh chi\u1ebfn l\u01b0\u1ee3c v\u00e0 khai th\u00e1c, v\u1eadn h\u00e0nh kh\u1ed1i \u0111\u1ebf th\u01b0\u01a1ng m\u1ea1i<\/h4><\/div><\/div>\t\t\t\t<\/div>\n\t\t\t\t<\/div>\n\t\t\t\t<div class=\"elementor-element elementor-element-a68f283 elementor-widget elementor-widget-text-editor\" data-id=\"a68f283\" data-element_type=\"widget\" data-widget_type=\"text-editor.default\">\n\t\t\t\t<div class=\"elementor-widget-container\">\n\t\t\t\t\t        <div class=\"elementor-text-editor elementor-clearfix\"><p>Merry Commercial chuy\u00ean nghi\u1ec7p trong vi\u1ec7c ho\u1ea1ch \u0111\u1ecbnh chi\u1ebfn l\u01b0\u1ee3c, <strong>quy ho\u1ea1ch v\u00e0 khai th\u00e1c v\u1eadn h\u00e0nh c\u00e1c kh\u1ed1i \u0111\u1ebf th\u01b0\u01a1ng m\u1ea1i<\/strong>. M\u1ed7i d\u1ef1 \u00e1n \u0111\u01b0\u1ee3c tri\u1ec3n khai \u0111\u1ed3ng b\u1ed9 v\u00e0 chu\u1ea9n h\u00f3a v\u1edbi th\u01b0\u01a1ng hi\u1ec7u <strong>Merry Plaza<\/strong> \u2013 \u0111i\u1ec3m \u0111\u1ebfn g\u1eafn k\u1ebft c\u01b0 d\u00e2n, kh\u00e1ch thu\u00ea v\u00e0 c\u1ed9ng \u0111\u1ed3ng \u0111\u1ecba ph\u01b0\u01a1ng, g\u00f3p ph\u1ea7n n\u00e2ng t\u1ea7m gi\u00e1 tr\u1ecb b\u1ea5t \u0111\u1ed9ng s\u1ea3n.<\/p><\/div>\n        \t\t\t\t<\/div>\n\t\t\t\t<\/div>\n\t\t\t\t<div class=\"elementor-element elementor-element-a639aa1 elementor-widget elementor-widget-spacer\" data-id=\"a639aa1\" data-element_type=\"widget\" data-widget_type=\"spacer.default\">\n\t\t\t\t<div class=\"elementor-widget-container\">\n\t\t\t\t\t        <div class=\"elementor-spacer\">\n            <div class=\"elementor-spacer-inner\"><\/div>\n        <\/div>\n\t\t\t\t\t\t<\/div>\n\t\t\t\t<\/div>\n\t\t\t\t<div class=\"elementor-element elementor-element-95e944f elementor-widget elementor-widget-heading\" data-id=\"95e944f\" data-element_type=\"widget\" data-widget_type=\"heading.default\">\n\t\t\t\t<div class=\"elementor-widget-container\">\n\t\t\t\t\t<div class=\"elementor-heading-wrapper\" ><div class=\"elementor-heading-wrapper-inner\"><h4 class=\"elementor-heading-title elementor-size-default\">2. Ph\u00e1t tri\u1ec3n h\u1ec7 sinh th\u00e1i ti\u1ec7n \u00edch<\/h4><\/div><\/div>\t\t\t\t<\/div>\n\t\t\t\t<\/div>\n\t\t\t\t<div class=\"elementor-element elementor-element-c457a5e elementor-widget elementor-widget-text-editor\" data-id=\"c457a5e\" data-element_type=\"widget\" data-widget_type=\"text-editor.default\">\n\t\t\t\t<div class=\"elementor-widget-container\">\n\t\t\t\t\t        <div class=\"elementor-text-editor elementor-clearfix\"><p>TTTM Merry Plaza l\u00e0 kh\u00f4ng gian b\u00e1n l\u1ebb hi\u1ec7n \u0111\u1ea1i v\u1edbi <strong>h\u1ec7 sinh th\u00e1i ti\u1ec7n \u00edch \u0111a d\u1ea1ng<\/strong> g\u1ed3m:<\/p>\n<ul>\n<li>F&amp;B, si\u00eau th\u1ecb, c\u1eeda h\u00e0ng ti\u1ec7n l\u1ee3i<\/li>\n<li>Y t\u1ebf, gi\u00e1o d\u1ee5c, d\u1ecbch v\u1ee5 ch\u0103m s\u00f3c c\u00e1 nh\u00e2n<\/li>\n<li>Co-Working space, khu vui ch\u01a1i v\u00e0 gi\u1ea3i tr\u00ed<\/li>\n<\/ul>\n<p>T\u1ea5t c\u1ea3 c\u00e1c l\u0129nh v\u1ef1c, ng\u00e0nh ngh\u1ec1 th\u01b0\u01a1ng m\u1ea1i \u0111\u1ec1u \u0111\u01b0\u1ee3c ch\u1ecdn l\u1ecdc theo nh\u1eefng ti\u00eau ch\u00ed kh\u1eaft khe nh\u1eb1m ph\u1ee5c v\u1ee5 nhu c\u1ea7u kh\u00e1ch h\u00e0ng v\u00e0 mang l\u1ea1i tr\u1ea3i nghi\u1ec7m s\u1ed1ng tr\u1ecdn v\u1eb9n cho c\u01b0 d\u00e2n.<\/p><\/div>\n        \t\t\t\t<\/div>\n\t\t\t\t<\/div>\n\t\t\t\t<div class=\"elementor-element elementor-element-16a1be0 elementor-widget elementor-widget-spacer\" data-id=\"16a1be0\" data-element_type=\"widget\" data-widget_type=\"spacer.default\">\n\t\t\t\t<div class=\"elementor-widget-container\">\n\t\t\t\t\t        <div class=\"elementor-spacer\">\n            <div class=\"elementor-spacer-inner\"><\/div>\n        <\/div>\n\t\t\t\t\t\t<\/div>\n\t\t\t\t<\/div>\n\t\t\t\t<div class=\"elementor-element elementor-element-0671ac3 elementor-widget elementor-widget-heading\" data-id=\"0671ac3\" data-element_type=\"widget\" data-widget_type=\"heading.default\">\n\t\t\t\t<div class=\"elementor-widget-container\">\n\t\t\t\t\t<div class=\"elementor-heading-wrapper\" ><div class=\"elementor-heading-wrapper-inner\"><h4 class=\"elementor-heading-title elementor-size-default\">3. T\u1ed5 ch\u1ee9c s\u1ef1 ki\u1ec7n c\u1ed9ng \u0111\u1ed3ng<\/h4><\/div><\/div>\t\t\t\t<\/div>\n\t\t\t\t<\/div>\n\t\t\t\t<div class=\"elementor-element elementor-element-90ef76a elementor-widget elementor-widget-text-editor\" data-id=\"90ef76a\" data-element_type=\"widget\" data-widget_type=\"text-editor.default\">\n\t\t\t\t<div class=\"elementor-widget-container\">\n\t\t\t\t\t        <div class=\"elementor-text-editor elementor-clearfix\"><p>M\u1ed7i Merry Plaza \u0111\u01b0\u1ee3c ki\u1ebfn t\u1ea1o n\u00ean<strong> kh\u00f4ng gian k\u1ebft n\u1ed1i c\u1ed9ng \u0111\u1ed3ng<\/strong> \u2013 n\u01a1i t\u1ed5 ch\u1ee9c c\u00e1c s\u1ef1 ki\u1ec7n th\u01b0\u1eddng ni\u00ean v\u00e0 ho\u1ea1t \u0111\u1ed9ng khai tr\u01b0\u01a1ng, l\u1ec5 h\u1ed9i, h\u1ed9i th\u1ea3o,\u2026 \u0111\u01b0\u1ee3c \u0111\u1ea7u t\u01b0 \u00a0b\u00e0i b\u1ea3n v\u00e0 quy m\u00f4 ngay t\u1ea1i TTTM, gi\u00fap c\u01b0 d\u00e2n th\u00eam nhi\u1ec1u ti\u1ec7n \u00edch, th\u01b0\u01a1ng hi\u1ec7u th\u00eam lan t\u1ecfa v\u00e0 m\u1ed9t c\u1ed9ng \u0111\u1ed3ng ph\u00e1t tri\u1ec3n b\u1ec1n v\u1eefng.<\/p><\/div>\n        \t\t\t\t<\/div>\n\t\t\t\t<\/div>\n\t\t\t\t<div class=\"elementor-element elementor-element-cf181f0 elementor-widget elementor-widget-spacer\" data-id=\"cf181f0\" data-element_type=\"widget\" data-widget_type=\"spacer.default\">\n\t\t\t\t<div class=\"elementor-widget-container\">\n\t\t\t\t\t        <div class=\"elementor-spacer\">\n            <div class=\"elementor-spacer-inner\"><\/div>\n        <\/div>\n\t\t\t\t\t\t<\/div>\n\t\t\t\t<\/div>\n\t\t\t\t<div class=\"elementor-element elementor-element-66124c5 elementor-widget elementor-widget-heading\" data-id=\"66124c5\" data-element_type=\"widget\" data-widget_type=\"heading.default\">\n\t\t\t\t<div class=\"elementor-widget-container\">\n\t\t\t\t\t<div class=\"elementor-heading-wrapper\" ><div class=\"elementor-heading-wrapper-inner\"><h4 class=\"elementor-heading-title elementor-size-default\">4. \u0110\u1ed3ng h\u00e0nh c\u00f9ng th\u01b0\u01a1ng hi\u1ec7u<\/h4><\/div><\/div>\t\t\t\t<\/div>\n\t\t\t\t<\/div>\n\t\t\t\t<div class=\"elementor-element elementor-element-db93717 elementor-widget elementor-widget-text-editor\" data-id=\"db93717\" data-element_type=\"widget\" data-widget_type=\"text-editor.default\">\n\t\t\t\t<div class=\"elementor-widget-container\">\n\t\t\t\t\t        <div class=\"elementor-text-editor elementor-clearfix\"><p>Merry Commercial l\u00e0 <strong>\u0111\u1ed1i t\u00e1c tin c\u1eady c\u1ee7a c\u00e1c th\u01b0\u01a1ng hi\u1ec7u b\u00e1n l\u1ebb, d\u1ecbch v\u1ee5 v\u00e0 v\u1eadn h\u00e0nh th\u01b0\u01a1ng m\u1ea1i<\/strong>. Ch\u00fang t\u00f4i lu\u00f4n t\u01b0 v\u1ea5n v\u00e0 h\u1ed7 tr\u1ee3 \u0111\u1ed1i t\u00e1c\/kh\u00e1ch thu\u00ea (tenants) t\u1eeb kh\u00e2u l\u1ef1a ch\u1ecdn m\u1eb7t b\u1eb1ng, b\u1ed1 tr\u00ed kh\u00f4ng gian \u0111\u1ebfn ho\u1ea1t \u0111\u1ed9ng truy\u1ec1n th\u00f4ng v\u00e0 khai th\u00e1c kinh doanh, c\u00f9ng h\u01b0\u1edbng \u0111\u1ebfn m\u1ee5c ti\u00eau <strong>ph\u00e1t tri\u1ec3n hi\u1ec7u qu\u1ea3 v\u00e0 l\u00e2u d\u00e0i<\/strong> trong h\u1ec7 th\u1ed1ng TTTM Merry Plaza.<\/p><\/div>\n        \t\t\t\t<\/div>\n\t\t\t\t<\/div>\n\t\t\t\t<div class=\"elementor-element elementor-element-b02e629 elementor-widget elementor-widget-spacer\" data-id=\"b02e629\" data-element_type=\"widget\" data-widget_type=\"spacer.default\">\n\t\t\t\t<div class=\"elementor-widget-container\">\n\t\t\t\t\t        <div class=\"elementor-spacer\">\n            <div class=\"elementor-spacer-inner\"><\/div>\n        <\/div>\n\t\t\t\t\t\t<\/div>\n\t\t\t\t<\/div>\n\t\t\t\t<div class=\"elementor-element elementor-element-6a6587f elementor-widget elementor-widget-heading\" data-id=\"6a6587f\" data-element_type=\"widget\" data-widget_type=\"heading.default\">\n\t\t\t\t<div class=\"elementor-widget-container\">\n\t\t\t\t\t<div class=\"elementor-heading-wrapper\" ><div class=\"elementor-heading-wrapper-inner\"><h4 class=\"elementor-heading-title elementor-size-default\">5. Cung c\u1ea5p gi\u1ea3i ph\u00e1p khai th\u00e1c m\u1eb7t b\u1eb1ng hi\u1ec7u qu\u1ea3<\/h4><\/div><\/div>\t\t\t\t<\/div>\n\t\t\t\t<\/div>\n\t\t\t\t<div class=\"elementor-element elementor-element-7a49ee1 elementor-widget elementor-widget-text-editor\" data-id=\"7a49ee1\" data-element_type=\"widget\" data-widget_type=\"text-editor.default\">\n\t\t\t\t<div class=\"elementor-widget-container\">\n\t\t\t\t\t        <div class=\"elementor-text-editor elementor-clearfix\"><p>Merry Commercial l\u00e0 \u0111\u01a1n v\u1ecb chuy\u00ean t\u01b0 v\u1ea5n, nghi\u00ean c\u1ee9u v\u00e0 tri\u1ec3n khai gi\u1ea3i ph\u00e1p cho nh\u1eefng <strong>kh\u1ed1i \u0111\u1ebf th\u01b0\u01a1ng m\u1ea1i ch\u01b0a \u0111\u01b0\u1ee3c khai th\u00e1c hi\u1ec7u qu\u1ea3 tr\u1edf n\u00ean t\u1ed1i \u01b0u v\u00e0 t\u1ed1t h\u01a1n v\u1edbi chi\u1ebfn l\u01b0\u1ee3c d\u00e0i h\u1ea1n v\u00e0 t\u1ea7m nh\u00ecn v\u0129 m\u00f4<\/strong>. B\u1eb1ng kinh nghi\u1ec7m t\u01b0 v\u1ea5n, ho\u1ea1ch \u0111\u1ecbnh chi\u1ebfn l\u01b0\u1ee3c t\u1eeb kinh doanh, truy\u1ec1n th\u00f4ng cho \u0111\u1ebfn v\u1eadn h\u00e0nh, ch\u00fang t\u00f4i chuy\u1ec3n \u0111\u1ed5i c\u00e1c di\u1ec7n t\u00edch ch\u01b0a \u0111\u01b0\u1ee3c s\u1eed d\u1ee5ng hi\u1ec7u qu\u1ea3 th\u00e0nh <strong>trung t\u00e2m th\u01b0\u01a1ng m\u1ea1i v\u1edbi nhi\u1ec1u ti\u1ec7n \u00edch \u0111a d\u1ea1ng<\/strong>, \u0111\u00e1p \u1ee9ng nhu c\u1ea7u thi\u1ebft th\u1ef1c c\u1ee7a c\u01b0 d\u00e2n v\u00e0 c\u1ed9ng \u0111\u1ed3ng.<\/p><\/div>\n        \t\t\t\t<\/div>\n\t\t\t\t<\/div>\n\t\t\t\t<div class=\"elementor-element elementor-element-41baf65 elementor-widget elementor-widget-spacer\" data-id=\"41baf65\" data-element_type=\"widget\" data-widget_type=\"spacer.default\">\n\t\t\t\t<div class=\"elementor-widget-container\">\n\t\t\t\t\t        <div class=\"elementor-spacer\">\n            <div class=\"elementor-spacer-inner\"><\/div>\n        <\/div>\n\t\t\t\t\t\t<\/div>\n\t\t\t\t<\/div>\n\t\t\t\t<div class=\"elementor-element elementor-element-a342551 elementor-button-primary elementor-widget elementor-widget-button\" data-id=\"a342551\" data-element_type=\"widget\" data-widget_type=\"button.default\">\n\t\t\t\t<div class=\"elementor-widget-container\">\n\t\t\t\t\t        <div class=\"elementor-button-wrapper\">\n            <a href=\"https:\/\/merrycommercial.vn\/?page_id=341\" class=\"elementor-button-link elementor-button elementor-size-lg\" role=\"button\">\n                \t\t<span class=\"elementor-button-content-wrapper\">\n\t\t\t\t\t\t\t\t\t<span class=\"elementor-button-text\">Li\u00ean h\u1ec7<\/span>\n\t\t\t\t\t<\/span>\n\t\t            <\/a>\n        <\/div>\n        \t\t\t\t<\/div>\n\t\t\t\t<\/div>\n\t\t\t\t\t<\/div>\n\t\t\t\t<\/div>\n\t\t<div class=\"elementor-element elementor-element-33ba7bd e-flex e-con-boxed e-con e-parent\" data-id=\"33ba7bd\" data-element_type=\"container\" data-settings=\"{&quot;jet_parallax_layout_list&quot;:[]}\">\n\t\t\t\t\t<div class=\"e-con-inner\">\n\t\t\t\t\t<\/div>\n\t\t\t\t<\/div>\n\t\t\t\t<\/div>\n\t\t","protected":false},"excerpt":{"rendered":"<p>L\u0128NH V\u1ef0C KINH DOANH MERRY COMMERCIAL Merry Commercial t\u1eadp trung ph\u00e1t tri\u1ec3n th\u01b0\u01a1ng hi\u1ec7u, ho\u1ea1ch \u0111\u1ecbnh chi\u1ebfn l\u01b0\u1ee3c v\u00e0 v\u1eadn h\u00e0nh kh\u1ed1i \u0111\u1ebf th\u01b0\u01a1ng m\u1ea1i trong c\u00e1c khu c\u0103n h\u1ed9 v\u00e0 \u0111\u00f4 th\u1ecb hi\u1ec7n \u0111\u1ea1i. Ch\u00fang t\u00f4i \u0111\u1ecbnh h\u00ecnh Merry Plaza nh\u01b0 nh\u1eefng trung t\u00e2m th\u01b0\u01a1ng m\u1ea1i ti\u1ec7n \u00edch thi\u1ebft th\u1ef1c, n\u01a1i c\u01b0 d\u00e2n v\u00e0 &hellip; <\/p>\n<p class=\"link-more\"><a href=\"https:\/\/merrycommercial.vn\/?page_id=8346\" class=\"more-link\">Read More <span class=\"screen-reader-text\"> &#8220;L\u0129nh V\u1ef1c Kinh Doanh&#8221;<\/span><\/a><\/p>\n","protected":false},"author":2,"featured_media":0,"parent":0,"menu_order":0,"comment_status":"closed","ping_status":"closed","template":"","meta":{"footnotes":""},"class_list":["post-8346","page","type-page","status-publish","hentry"],"_links":{"self":[{"href":"https:\/\/merrycommercial.vn\/index.php?rest_route=\/wp\/v2\/pages\/8346","targetHints":{"allow":["GET"]}}],"collection":[{"href":"https:\/\/merrycommercial.vn\/index.php?rest_route=\/wp\/v2\/pages"}],"about":[{"href":"https:\/\/merrycommercial.vn\/index.php?rest_route=\/wp\/v2\/types\/page"}],"author":[{"embeddable":true,"href":"https:\/\/merrycommercial.vn\/index.php?rest_route=\/wp\/v2\/users\/2"}],"replies":[{"embeddable":true,"href":"https:\/\/merrycommercial.vn\/index.php?rest_route=%2Fwp%2Fv2%2Fcomments&post=8346"}],"version-history":[{"count":38,"href":"https:\/\/merrycommercial.vn\/index.php?rest_route=\/wp\/v2\/pages\/8346\/revisions"}],"predecessor-version":[{"id":8633,"href":"https:\/\/merrycommercial.vn\/index.php?rest_route=\/wp\/v2\/pages\/8346\/revisions\/8633"}],"wp:attachment":[{"href":"https:\/\/merrycommercial.vn\/index.php?rest_route=%2Fwp%2Fv2%2Fmedia&parent=8346"}],"curies":[{"name":"wp","href":"https:\/\/api.w.org\/{rel}","templated":true}]}}